{"id":1004,"date":"2024-01-12T18:37:29","date_gmt":"2024-01-12T17:37:29","guid":{"rendered":"https:\/\/compraspt.com\/home\/?page_id=1004"},"modified":"2025-02-11T12:23:49","modified_gmt":"2025-02-11T12:23:49","slug":"termos-e-condicoes-efaturagov","status":"publish","type":"page","link":"https:\/\/compraspt.com\/home\/termos-e-condicoes-efaturagov\/","title":{"rendered":"Termos e Condi\u00e7\u00f5es | efaturaGov"},"content":{"rendered":"\t\t<div data-elementor-type=\"wp-page\" data-elementor-id=\"1004\" class=\"elementor elementor-1004\">\n\t\t\t\t\t\t<section class=\"elementor-section elementor-top-section elementor-element elementor-element-36a0952e elementor-section-boxed elementor-section-height-default elementor-section-height-default wpr-particle-no wpr-jarallax-no wpr-parallax-no wpr-sticky-section-no\" data-id=\"36a0952e\" data-element_type=\"section\">\n\t\t\t\t\t\t<div class=\"elementor-container elementor-column-gap-default\">\n\t\t\t\t\t<div class=\"elementor-column elementor-col-100 elementor-top-column elementor-element elementor-element-a0cb009\" data-id=\"a0cb009\" data-element_type=\"column\">\n\t\t\t<div class=\"elementor-widget-wrap elementor-element-populated\">\n\t\t\t\t\t\t<div class=\"elementor-element elementor-element-5694fa83 elementor-widget elementor-widget-heading\" data-id=\"5694fa83\" data-element_type=\"widget\" data-widget_type=\"heading.default\">\n\t\t\t\t<div class=\"elementor-widget-container\">\n\t\t\t<style>\/*! elementor - v3.19.0 - 07-02-2024 *\/\n.elementor-heading-title{padding:0;margin:0;line-height:1}.elementor-widget-heading .elementor-heading-title[class*=elementor-size-]>a{color:inherit;font-size:inherit;line-height:inherit}.elementor-widget-heading .elementor-heading-title.elementor-size-small{font-size:15px}.elementor-widget-heading .elementor-heading-title.elementor-size-medium{font-size:19px}.elementor-widget-heading .elementor-heading-title.elementor-size-large{font-size:29px}.elementor-widget-heading .elementor-heading-title.elementor-size-xl{font-size:39px}.elementor-widget-heading .elementor-heading-title.elementor-size-xxl{font-size:59px}<\/style><h2 class=\"elementor-heading-title elementor-size-default\">Termos e Condi\u00e7\u00f5es | efaturaGov<\/h2>\t\t<\/div>\n\t\t\t\t<\/div>\n\t\t\t\t\t<\/div>\n\t\t<\/div>\n\t\t\t\t\t<\/div>\n\t\t<\/section>\n\t\t\t\t<section class=\"elementor-section elementor-top-section elementor-element elementor-element-18fc658a elementor-section-boxed elementor-section-height-default elementor-section-height-default wpr-particle-no wpr-jarallax-no wpr-parallax-no wpr-sticky-section-no\" data-id=\"18fc658a\" data-element_type=\"section\">\n\t\t\t\t\t\t<div class=\"elementor-container elementor-column-gap-default\">\n\t\t\t\t\t<div class=\"elementor-column elementor-col-100 elementor-top-column elementor-element elementor-element-63207adc\" data-id=\"63207adc\" data-element_type=\"column\">\n\t\t\t<div class=\"elementor-widget-wrap elementor-element-populated\">\n\t\t\t\t\t\t<div class=\"elementor-element elementor-element-527e635f elementor-widget elementor-widget-text-editor\" data-id=\"527e635f\" data-element_type=\"widget\" data-widget_type=\"text-editor.default\">\n\t\t\t\t<div class=\"elementor-widget-container\">\n\t\t\t<style>\/*! elementor - v3.19.0 - 07-02-2024 *\/\n.elementor-widget-text-editor.elementor-drop-cap-view-stacked .elementor-drop-cap{background-color:#69727d;color:#fff}.elementor-widget-text-editor.elementor-drop-cap-view-framed .elementor-drop-cap{color:#69727d;border:3px solid;background-color:transparent}.elementor-widget-text-editor:not(.elementor-drop-cap-view-default) .elementor-drop-cap{margin-top:8px}.elementor-widget-text-editor:not(.elementor-drop-cap-view-default) .elementor-drop-cap-letter{width:1em;height:1em}.elementor-widget-text-editor .elementor-drop-cap{float:left;text-align:center;line-height:1;font-size:50px}.elementor-widget-text-editor .elementor-drop-cap-letter{display:inline-block}<\/style>\t\t\t\t<ol><li>A disponibiliza\u00e7\u00e3o do <strong>efaturaGov<\/strong> \u00e9 da responsabilidade da <strong>MIROMA<\/strong>, pessoa coletiva n.\u00ba 503150371, registada na Conservat\u00f3ria do Registo Comercial do Porto \u2013 2.\u00aa Sec\u00e7\u00e3o, com sede na Travessa de Alferes Malheiro n.\u00ba 99, 4.\u00ba traseiras, Porto.<\/li><li>O presente documento estabelece as condi\u00e7\u00f5es de aquisi\u00e7\u00e3o do <strong>efaturaGov<\/strong> dispon\u00edvel na loja <em>on-line<\/em>, a que alude o Decreto-Lei n.\u00ba 24\/2014 de 14 de fevereiro na sua reda\u00e7\u00e3o atual.<\/li><li>Para Entidades Estrangeiras, ao valor do <strong>efaturaGov<\/strong> acresce taxas internacionais.<\/li><li>No \u00e2mbito da campanha em vigor, aplica-se um desconto de 50% sobre o valor da anuidade no primeiro ano. Nos anos seguintes, o valor da anuidade \u00e9 de 600,00\u20ac.<\/li><li>A ativa\u00e7\u00e3o do <strong>efaturaGov<\/strong> \u00e9 efetuada de forma imediata com a valida\u00e7\u00e3o do pagamento. Conclu\u00edda a compra, ir\u00e1 receber um e-mail com os passos que deve seguir para configurar o servi\u00e7o.<\/li><li>A subscri\u00e7\u00e3o do <strong>efaturaGov<\/strong> \u00e9 v\u00e1lida pelo per\u00edodo de um ano (12 meses).<\/li><li>O per\u00edodo de preserva\u00e7\u00e3o dos documentos digitais \u00e9 de 12 anos.<\/li><li>O servi\u00e7o renova automaticamente por iguais per\u00edodos, salvo aviso pr\u00e9vio, por escrito, com 60 dias \u00fateis relativamente \u00e0 data de renova\u00e7\u00e3o.<\/li><li>Sempre que a ades\u00e3o ao <strong>efaturaGov<\/strong> usufrua de uma campanha promocional, as condi\u00e7\u00f5es da mesma ser\u00e3o aplicadas durante a vig\u00eancia da campanha e respetivo contrato, sendo a renova\u00e7\u00e3o realizada de acordo com os pre\u00e7os em vigor na altura da renova\u00e7\u00e3o.<\/li><li>Em caso de renova\u00e7\u00e3o, a <strong>MIROMA<\/strong> reserva-se ao direito de atualizar o pre\u00e7o e as condi\u00e7\u00f5es do servi\u00e7o em conformidade com as pol\u00edticas comerciais em vigor.<\/li><li>Para a resolu\u00e7\u00e3o de lit\u00edgios de consumo contacte o Centro de Informa\u00e7\u00e3o de Consumo e Arbitragem do Porto (<span style=\"text-decoration: underline;\"><a href=\"https:\/\/cicap.pt\/\" target=\"_blank\" rel=\"noopener\">https:\/\/cicap.pt\/<\/a><\/span>).<\/li><li>Os dados pessoais recolhidos destinam-se a ser usados na gest\u00e3o contratual estabelecida com o cliente atrav\u00e9s da loja<em> on-line<\/em> e s\u00e3o tratados de acordo com as pol\u00edticas de prote\u00e7\u00e3o de dados em vigor.<\/li><li>Em caso de d\u00favidas, contacte-nos atrav\u00e9s do endere\u00e7o de e-mail <span style=\"text-decoration: underline;\"><a href=\"mailto:comercial@miroma.pt\">comercial@miroma.pt<\/a> <\/span>ou atrav\u00e9s da linha de atendimento \u2013 <strong>222 061 585<\/strong> (chamada para a rede fixa nacional) \u2013 dispon\u00edvel das 09h \u00e0s 12h30 e das 14h \u00e0s 18h nos dias \u00fateis.<\/li><\/ol><p><br \/>\u00daltima Revis\u00e3o: 11 de fevereiro de 2025<\/p>\t\t\t\t\t\t<\/div>\n\t\t\t\t<\/div>\n\t\t\t\t\t<\/div>\n\t\t<\/div>\n\t\t\t\t\t<\/div>\n\t\t<\/section>\n\t\t\t\t<\/div>\n\t\t","protected":false},"excerpt":{"rendered":"<p>Termos e Condi\u00e7\u00f5es | efaturaGov A disponibiliza\u00e7\u00e3o do efaturaGov \u00e9 da responsabilidade da MIROMA, pessoa coletiva n.\u00ba 503150371, registada na Conservat\u00f3ria do Registo Comercial do Porto \u2013 2.\u00aa Sec\u00e7\u00e3o, com sede na Travessa de Alferes Malheiro n.\u00ba 99, 4.\u00ba traseiras, Porto. O presente documento estabelece as condi\u00e7\u00f5es de aquisi\u00e7\u00e3o do efaturaGov dispon\u00edvel na loja on-line, [&hellip;]<\/p>\n","protected":false},"author":3,"featured_media":0,"parent":0,"menu_order":0,"comment_status":"closed","ping_status":"closed","template":"elementor_header_footer","meta":{"inline_featured_image":false,"footnotes":""},"_links":{"self":[{"href":"https:\/\/compraspt.com\/home\/wp-json\/wp\/v2\/pages\/1004"}],"collection":[{"href":"https:\/\/compraspt.com\/home\/wp-json\/wp\/v2\/pages"}],"about":[{"href":"https:\/\/compraspt.com\/home\/wp-json\/wp\/v2\/types\/page"}],"author":[{"embeddable":true,"href":"https:\/\/compraspt.com\/home\/wp-json\/wp\/v2\/users\/3"}],"replies":[{"embeddable":true,"href":"https:\/\/compraspt.com\/home\/wp-json\/wp\/v2\/comments?post=1004"}],"version-history":[{"count":23,"href":"https:\/\/compraspt.com\/home\/wp-json\/wp\/v2\/pages\/1004\/revisions"}],"predecessor-version":[{"id":5090,"href":"https:\/\/compraspt.com\/home\/wp-json\/wp\/v2\/pages\/1004\/revisions\/5090"}],"wp:attachment":[{"href":"https:\/\/compraspt.com\/home\/wp-json\/wp\/v2\/media?parent=1004"}],"curies":[{"name":"wp","href":"https:\/\/api.w.org\/{rel}","templated":true}]}}