{"id":1032,"date":"2024-01-12T18:51:31","date_gmt":"2024-01-12T17:51:31","guid":{"rendered":"https:\/\/compraspt.com\/home\/?page_id=1032"},"modified":"2024-04-03T09:23:35","modified_gmt":"2024-04-03T09:23:35","slug":"termos-e-condicoes-mais-concursos-publicos","status":"publish","type":"page","link":"https:\/\/compraspt.com\/home\/termos-e-condicoes-mais-concursos-publicos\/","title":{"rendered":"Termos e Condi\u00e7\u00f5es | +Concursos P\u00fablicos"},"content":{"rendered":"\t\t<div data-elementor-type=\"wp-page\" data-elementor-id=\"1032\" class=\"elementor elementor-1032\">\n\t\t\t\t\t\t<section class=\"elementor-section elementor-top-section elementor-element elementor-element-36a0952e elementor-section-boxed elementor-section-height-default elementor-section-height-default wpr-particle-no wpr-jarallax-no wpr-parallax-no wpr-sticky-section-no\" data-id=\"36a0952e\" data-element_type=\"section\">\n\t\t\t\t\t\t<div class=\"elementor-container elementor-column-gap-default\">\n\t\t\t\t\t<div class=\"elementor-column elementor-col-100 elementor-top-column elementor-element elementor-element-a0cb009\" data-id=\"a0cb009\" data-element_type=\"column\">\n\t\t\t<div class=\"elementor-widget-wrap elementor-element-populated\">\n\t\t\t\t\t\t<div class=\"elementor-element elementor-element-5694fa83 elementor-widget elementor-widget-heading\" data-id=\"5694fa83\" data-element_type=\"widget\" data-widget_type=\"heading.default\">\n\t\t\t\t<div class=\"elementor-widget-container\">\n\t\t\t<style>\/*! elementor - v3.19.0 - 07-02-2024 *\/\n.elementor-heading-title{padding:0;margin:0;line-height:1}.elementor-widget-heading .elementor-heading-title[class*=elementor-size-]>a{color:inherit;font-size:inherit;line-height:inherit}.elementor-widget-heading .elementor-heading-title.elementor-size-small{font-size:15px}.elementor-widget-heading .elementor-heading-title.elementor-size-medium{font-size:19px}.elementor-widget-heading .elementor-heading-title.elementor-size-large{font-size:29px}.elementor-widget-heading .elementor-heading-title.elementor-size-xl{font-size:39px}.elementor-widget-heading .elementor-heading-title.elementor-size-xxl{font-size:59px}<\/style><h2 class=\"elementor-heading-title elementor-size-default\">Termos e Condi\u00e7\u00f5es | +Concursos P\u00fablicos<\/h2>\t\t<\/div>\n\t\t\t\t<\/div>\n\t\t\t\t\t<\/div>\n\t\t<\/div>\n\t\t\t\t\t<\/div>\n\t\t<\/section>\n\t\t\t\t<section class=\"elementor-section elementor-top-section elementor-element elementor-element-18fc658a elementor-section-boxed elementor-section-height-default elementor-section-height-default wpr-particle-no wpr-jarallax-no wpr-parallax-no wpr-sticky-section-no\" data-id=\"18fc658a\" data-element_type=\"section\">\n\t\t\t\t\t\t<div class=\"elementor-container elementor-column-gap-default\">\n\t\t\t\t\t<div class=\"elementor-column elementor-col-100 elementor-top-column elementor-element elementor-element-63207adc\" data-id=\"63207adc\" data-element_type=\"column\">\n\t\t\t<div class=\"elementor-widget-wrap elementor-element-populated\">\n\t\t\t\t\t\t<div class=\"elementor-element elementor-element-527e635f elementor-widget elementor-widget-text-editor\" data-id=\"527e635f\" data-element_type=\"widget\" data-widget_type=\"text-editor.default\">\n\t\t\t\t<div class=\"elementor-widget-container\">\n\t\t\t<style>\/*! elementor - v3.19.0 - 07-02-2024 *\/\n.elementor-widget-text-editor.elementor-drop-cap-view-stacked .elementor-drop-cap{background-color:#69727d;color:#fff}.elementor-widget-text-editor.elementor-drop-cap-view-framed .elementor-drop-cap{color:#69727d;border:3px solid;background-color:transparent}.elementor-widget-text-editor:not(.elementor-drop-cap-view-default) .elementor-drop-cap{margin-top:8px}.elementor-widget-text-editor:not(.elementor-drop-cap-view-default) .elementor-drop-cap-letter{width:1em;height:1em}.elementor-widget-text-editor .elementor-drop-cap{float:left;text-align:center;line-height:1;font-size:50px}.elementor-widget-text-editor .elementor-drop-cap-letter{display:inline-block}<\/style>\t\t\t\t<p>1. A ades\u00e3o ao servi\u00e7o de<strong> +Concursos P\u00fablicos<\/strong> permite receber diariamente e via e-mail um resumo de todos os concursos p\u00fablicos (nacionais e internacionais) a decorrer em territ\u00f3rio nacional, por \u00e1rea de neg\u00f3cio, publicados em todas as plataformas de contrata\u00e7\u00e3o p\u00fablica;<\/p><p>2. O servi\u00e7o de <strong>+Concursos P\u00fablicos<\/strong> tem a validade de 1 ano (12 meses);<\/p><p>3. O endere\u00e7o de e-mail para rece\u00e7\u00e3o dos alertas \u00e9 definido pelo cliente. Qualquer altera\u00e7\u00e3o do endere\u00e7o de e-mail \u00e9 da inteira responsabilidade do cliente;<\/p><p>4. A parametriza\u00e7\u00e3o do servi\u00e7o \u00e9 efetuada na \u00e1rea pessoal do cliente na plataforma ComprasPT atrav\u00e9s da associa\u00e7\u00e3o dos c\u00f3digos CPV correspondentes \u00e0s \u00e1reas de neg\u00f3cio que lhe interessam. A sele\u00e7\u00e3o e altera\u00e7\u00e3o dos c\u00f3digos CPV \u00e9 da inteira responsabilidade do cliente;<\/p><p>5. A ativa\u00e7\u00e3o do servi\u00e7o de <strong>+Concursos P\u00fablicos<\/strong> \u00e9 efetuada mediante envio de e-mail formalizando a adjudica\u00e7\u00e3o e o respetivo comprovativo de pagamento;<\/p><p>6. O servi\u00e7o de <strong>+Concursos P\u00fablicos<\/strong> \u00e9 disponibilizado num prazo de 24 horas (nos dias \u00fateis), ap\u00f3s a rece\u00e7\u00e3o do comprovativo de pagamento;<\/p><p>7. Este servi\u00e7o renova automaticamente. A inten\u00e7\u00e3o de n\u00e3o renova\u00e7\u00e3o deve ser comunicada previamente \u00e0 ComprasPT com a anteced\u00eancia m\u00ednima de 30 dias.<\/p>\t\t\t\t\t\t<\/div>\n\t\t\t\t<\/div>\n\t\t\t\t\t<\/div>\n\t\t<\/div>\n\t\t\t\t\t<\/div>\n\t\t<\/section>\n\t\t\t\t<\/div>\n\t\t","protected":false},"excerpt":{"rendered":"<p>Termos e Condi\u00e7\u00f5es | +Concursos P\u00fablicos 1. A ades\u00e3o ao servi\u00e7o de +Concursos P\u00fablicos permite receber diariamente e via e-mail um resumo de todos os concursos p\u00fablicos (nacionais e internacionais) a decorrer em territ\u00f3rio nacional, por \u00e1rea de neg\u00f3cio, publicados em todas as plataformas de contrata\u00e7\u00e3o p\u00fablica; 2. O servi\u00e7o de +Concursos P\u00fablicos tem a [&hellip;]<\/p>\n","protected":false},"author":3,"featured_media":0,"parent":0,"menu_order":0,"comment_status":"closed","ping_status":"closed","template":"elementor_header_footer","meta":{"inline_featured_image":false,"footnotes":""},"_links":{"self":[{"href":"https:\/\/compraspt.com\/home\/wp-json\/wp\/v2\/pages\/1032"}],"collection":[{"href":"https:\/\/compraspt.com\/home\/wp-json\/wp\/v2\/pages"}],"about":[{"href":"https:\/\/compraspt.com\/home\/wp-json\/wp\/v2\/types\/page"}],"author":[{"embeddable":true,"href":"https:\/\/compraspt.com\/home\/wp-json\/wp\/v2\/users\/3"}],"replies":[{"embeddable":true,"href":"https:\/\/compraspt.com\/home\/wp-json\/wp\/v2\/comments?post=1032"}],"version-history":[{"count":8,"href":"https:\/\/compraspt.com\/home\/wp-json\/wp\/v2\/pages\/1032\/revisions"}],"predecessor-version":[{"id":3993,"href":"https:\/\/compraspt.com\/home\/wp-json\/wp\/v2\/pages\/1032\/revisions\/3993"}],"wp:attachment":[{"href":"https:\/\/compraspt.com\/home\/wp-json\/wp\/v2\/media?parent=1032"}],"curies":[{"name":"wp","href":"https:\/\/api.w.org\/{rel}","templated":true}]}}