{"id":1037,"date":"2024-01-12T18:56:57","date_gmt":"2024-01-12T17:56:57","guid":{"rendered":"https:\/\/compraspt.com\/home\/?page_id=1037"},"modified":"2024-04-17T14:20:06","modified_gmt":"2024-04-17T14:20:06","slug":"termos-e-condicoes-be-first","status":"publish","type":"page","link":"https:\/\/compraspt.com\/home\/termos-e-condicoes-be-first\/","title":{"rendered":"Termos e Condi\u00e7\u00f5es | BeFirst"},"content":{"rendered":"\t\t<div data-elementor-type=\"wp-page\" data-elementor-id=\"1037\" class=\"elementor elementor-1037\">\n\t\t\t\t\t\t<section class=\"elementor-section elementor-top-section elementor-element elementor-element-36a0952e elementor-section-boxed elementor-section-height-default elementor-section-height-default wpr-particle-no wpr-jarallax-no wpr-parallax-no wpr-sticky-section-no\" data-id=\"36a0952e\" data-element_type=\"section\">\n\t\t\t\t\t\t<div class=\"elementor-container elementor-column-gap-default\">\n\t\t\t\t\t<div class=\"elementor-column elementor-col-100 elementor-top-column elementor-element elementor-element-a0cb009\" data-id=\"a0cb009\" data-element_type=\"column\">\n\t\t\t<div class=\"elementor-widget-wrap elementor-element-populated\">\n\t\t\t\t\t\t<div class=\"elementor-element elementor-element-5694fa83 elementor-widget elementor-widget-heading\" data-id=\"5694fa83\" data-element_type=\"widget\" data-widget_type=\"heading.default\">\n\t\t\t\t<div class=\"elementor-widget-container\">\n\t\t\t<style>\/*! elementor - v3.19.0 - 07-02-2024 *\/\n.elementor-heading-title{padding:0;margin:0;line-height:1}.elementor-widget-heading .elementor-heading-title[class*=elementor-size-]>a{color:inherit;font-size:inherit;line-height:inherit}.elementor-widget-heading .elementor-heading-title.elementor-size-small{font-size:15px}.elementor-widget-heading .elementor-heading-title.elementor-size-medium{font-size:19px}.elementor-widget-heading .elementor-heading-title.elementor-size-large{font-size:29px}.elementor-widget-heading .elementor-heading-title.elementor-size-xl{font-size:39px}.elementor-widget-heading .elementor-heading-title.elementor-size-xxl{font-size:59px}<\/style><h2 class=\"elementor-heading-title elementor-size-default\">Termos e Condi\u00e7\u00f5es | BeFirst<\/h2>\t\t<\/div>\n\t\t\t\t<\/div>\n\t\t\t\t\t<\/div>\n\t\t<\/div>\n\t\t\t\t\t<\/div>\n\t\t<\/section>\n\t\t\t\t<section class=\"elementor-section elementor-top-section elementor-element elementor-element-18fc658a elementor-section-boxed elementor-section-height-default elementor-section-height-default wpr-particle-no wpr-jarallax-no wpr-parallax-no wpr-sticky-section-no\" data-id=\"18fc658a\" data-element_type=\"section\">\n\t\t\t\t\t\t<div class=\"elementor-container elementor-column-gap-default\">\n\t\t\t\t\t<div class=\"elementor-column elementor-col-100 elementor-top-column elementor-element elementor-element-63207adc\" data-id=\"63207adc\" data-element_type=\"column\">\n\t\t\t<div class=\"elementor-widget-wrap elementor-element-populated\">\n\t\t\t\t\t\t<div class=\"elementor-element elementor-element-527e635f elementor-widget elementor-widget-text-editor\" data-id=\"527e635f\" data-element_type=\"widget\" data-widget_type=\"text-editor.default\">\n\t\t\t\t<div class=\"elementor-widget-container\">\n\t\t\t<style>\/*! elementor - v3.19.0 - 07-02-2024 *\/\n.elementor-widget-text-editor.elementor-drop-cap-view-stacked .elementor-drop-cap{background-color:#69727d;color:#fff}.elementor-widget-text-editor.elementor-drop-cap-view-framed .elementor-drop-cap{color:#69727d;border:3px solid;background-color:transparent}.elementor-widget-text-editor:not(.elementor-drop-cap-view-default) .elementor-drop-cap{margin-top:8px}.elementor-widget-text-editor:not(.elementor-drop-cap-view-default) .elementor-drop-cap-letter{width:1em;height:1em}.elementor-widget-text-editor .elementor-drop-cap{float:left;text-align:center;line-height:1;font-size:50px}.elementor-widget-text-editor .elementor-drop-cap-letter{display:inline-block}<\/style>\t\t\t\t<p>1. A ades\u00e3o ao servi\u00e7o <b>BeFirst <\/b>coloca-o numa posi\u00e7\u00e3o de destaque junto das entidades <b>ComprasPT<\/b>.<\/p><p>\u00a0<\/p><p>2. Cada licen\u00e7a de ades\u00e3o ao <b>BeFirst <\/b>tem a validade de 1 ano (12 meses).<\/p><p>\u00a0<\/p><p>3. O servi\u00e7o <b>BeFirst <\/b>converte-o automaticamente num <b>Fornecedor Plus<\/b>, ou seja, garante-lhe o acesso a funcionalidades e servi\u00e7os avan\u00e7ados da ComprasPT:<\/p><ul><li>Filtros de pesquisa avan\u00e7ada;<\/li><li><i>Download <\/i>em s\u00e9rie;<\/li><li>Atendimento diferenciado por equipa de apoio t\u00e9cnico e comercial especializados.<\/li><\/ul><p>\u00a0<\/p><p>4. A ativa\u00e7\u00e3o do <b>BeFirst <\/b>\u00e9 efetuada mediante o envio do comprovativo de pagamento e formul\u00e1rio de inscri\u00e7\u00e3o dispon\u00edvel em <a href=\"https:\/\/compraspt.com\/\" target=\"_blank\" rel=\"noopener\">compraspt.com.<\/a><\/p><p>\u00a0<\/p><p>5. O servi\u00e7o de <b>BeFirst <\/b>\u00e9 disponibilizado num prazo de 24 horas (nos dias \u00fateis), ap\u00f3s a rece\u00e7\u00e3o do comprovativo de pagamento.<\/p><p>\u00a0<\/p><p>6. Este servi\u00e7o renova automaticamente. A inten\u00e7\u00e3o de n\u00e3o renova\u00e7\u00e3o deve ser comunicada previamente \u00e0 <b>ComprasPT <\/b>com a anteced\u00eancia m\u00ednima de 30 dias.<\/p>\t\t\t\t\t\t<\/div>\n\t\t\t\t<\/div>\n\t\t\t\t\t<\/div>\n\t\t<\/div>\n\t\t\t\t\t<\/div>\n\t\t<\/section>\n\t\t\t\t<\/div>\n\t\t","protected":false},"excerpt":{"rendered":"<p>Termos e Condi\u00e7\u00f5es | BeFirst 1. A ades\u00e3o ao servi\u00e7o BeFirst coloca-o numa posi\u00e7\u00e3o de destaque junto das entidades ComprasPT. \u00a0 2. Cada licen\u00e7a de ades\u00e3o ao BeFirst tem a validade de 1 ano (12 meses). \u00a0 3. O servi\u00e7o BeFirst converte-o automaticamente num Fornecedor Plus, ou seja, garante-lhe o acesso a funcionalidades e servi\u00e7os [&hellip;]<\/p>\n","protected":false},"author":3,"featured_media":0,"parent":0,"menu_order":0,"comment_status":"closed","ping_status":"closed","template":"elementor_header_footer","meta":{"inline_featured_image":false,"footnotes":""},"_links":{"self":[{"href":"https:\/\/compraspt.com\/home\/wp-json\/wp\/v2\/pages\/1037"}],"collection":[{"href":"https:\/\/compraspt.com\/home\/wp-json\/wp\/v2\/pages"}],"about":[{"href":"https:\/\/compraspt.com\/home\/wp-json\/wp\/v2\/types\/page"}],"author":[{"embeddable":true,"href":"https:\/\/compraspt.com\/home\/wp-json\/wp\/v2\/users\/3"}],"replies":[{"embeddable":true,"href":"https:\/\/compraspt.com\/home\/wp-json\/wp\/v2\/comments?post=1037"}],"version-history":[{"count":25,"href":"https:\/\/compraspt.com\/home\/wp-json\/wp\/v2\/pages\/1037\/revisions"}],"predecessor-version":[{"id":4067,"href":"https:\/\/compraspt.com\/home\/wp-json\/wp\/v2\/pages\/1037\/revisions\/4067"}],"wp:attachment":[{"href":"https:\/\/compraspt.com\/home\/wp-json\/wp\/v2\/media?parent=1037"}],"curies":[{"name":"wp","href":"https:\/\/api.w.org\/{rel}","templated":true}]}}