{"id":160,"date":"2023-07-26T15:36:55","date_gmt":"2023-07-26T14:36:55","guid":{"rendered":"https:\/\/compraspt.com\/home\/?page_id=160"},"modified":"2024-07-24T16:22:21","modified_gmt":"2024-07-24T16:22:21","slug":"requisitos-tecnicos","status":"publish","type":"page","link":"https:\/\/compraspt.com\/home\/requisitos-tecnicos\/","title":{"rendered":"Requisitos t\u00e9cnicos"},"content":{"rendered":"\t\t<div data-elementor-type=\"wp-page\" data-elementor-id=\"160\" class=\"elementor elementor-160\">\n\t\t\t\t\t\t<section class=\"elementor-section elementor-top-section elementor-element elementor-element-1c411daf elementor-section-full_width elementor-section-stretched elementor-section-height-min-height elementor-section-height-default elementor-section-items-middle wpr-particle-no wpr-jarallax-no wpr-parallax-no wpr-sticky-section-no\" data-id=\"1c411daf\" data-element_type=\"section\" data-settings=\"{&quot;stretch_section&quot;:&quot;section-stretched&quot;}\">\n\t\t\t\t\t\t<div class=\"elementor-container elementor-column-gap-no\">\n\t\t\t\t\t<div class=\"elementor-column elementor-col-100 elementor-top-column elementor-element elementor-element-5481122c\" data-id=\"5481122c\" data-element_type=\"column\">\n\t\t\t<div class=\"elementor-widget-wrap elementor-element-populated\">\n\t\t\t\t\t\t<div class=\"elementor-element elementor-element-54dd2c9 elementor-widget elementor-widget-image\" data-id=\"54dd2c9\" data-element_type=\"widget\" data-widget_type=\"image.default\">\n\t\t\t\t<div class=\"elementor-widget-container\">\n\t\t\t<style>\/*! elementor - v3.19.0 - 07-02-2024 *\/\n.elementor-widget-image{text-align:center}.elementor-widget-image a{display:inline-block}.elementor-widget-image a img[src$=\".svg\"]{width:48px}.elementor-widget-image img{vertical-align:middle;display:inline-block}<\/style>\t\t\t\t\t\t\t\t\t\t<img fetchpriority=\"high\" decoding=\"async\" width=\"1600\" height=\"447\" src=\"https:\/\/compraspt.com\/home\/wp-content\/uploads\/requisitos-tecnicos.jpg\" class=\"attachment-full size-full wp-image-1617\" alt=\"requisitos tecnicos\" srcset=\"https:\/\/compraspt.com\/home\/wp-content\/uploads\/requisitos-tecnicos.jpg 1600w, https:\/\/compraspt.com\/home\/wp-content\/uploads\/requisitos-tecnicos-300x84.jpg 300w, https:\/\/compraspt.com\/home\/wp-content\/uploads\/requisitos-tecnicos-1024x286.jpg 1024w, https:\/\/compraspt.com\/home\/wp-content\/uploads\/requisitos-tecnicos-768x215.jpg 768w, https:\/\/compraspt.com\/home\/wp-content\/uploads\/requisitos-tecnicos-1536x429.jpg 1536w, https:\/\/compraspt.com\/home\/wp-content\/uploads\/requisitos-tecnicos-600x168.jpg 600w\" sizes=\"(max-width: 1600px) 100vw, 1600px\" \/>\t\t\t\t\t\t\t\t\t\t\t\t\t<\/div>\n\t\t\t\t<\/div>\n\t\t\t\t\t<\/div>\n\t\t<\/div>\n\t\t\t\t\t<\/div>\n\t\t<\/section>\n\t\t\t\t<section class=\"elementor-section elementor-top-section elementor-element elementor-element-48eb84b0 elementor-section-boxed elementor-section-height-default elementor-section-height-default wpr-particle-no wpr-jarallax-no wpr-parallax-no wpr-sticky-section-no\" data-id=\"48eb84b0\" data-element_type=\"section\">\n\t\t\t\t\t\t<div class=\"elementor-container elementor-column-gap-default\">\n\t\t\t\t\t<div class=\"elementor-column elementor-col-100 elementor-top-column elementor-element elementor-element-5d4f5769\" data-id=\"5d4f5769\" data-element_type=\"column\">\n\t\t\t<div class=\"elementor-widget-wrap elementor-element-populated\">\n\t\t\t\t\t\t<div class=\"elementor-element elementor-element-4826cf8e elementor-widget elementor-widget-heading\" data-id=\"4826cf8e\" data-element_type=\"widget\" data-widget_type=\"heading.default\">\n\t\t\t\t<div class=\"elementor-widget-container\">\n\t\t\t<style>\/*! elementor - v3.19.0 - 07-02-2024 *\/\n.elementor-heading-title{padding:0;margin:0;line-height:1}.elementor-widget-heading .elementor-heading-title[class*=elementor-size-]>a{color:inherit;font-size:inherit;line-height:inherit}.elementor-widget-heading .elementor-heading-title.elementor-size-small{font-size:15px}.elementor-widget-heading .elementor-heading-title.elementor-size-medium{font-size:19px}.elementor-widget-heading .elementor-heading-title.elementor-size-large{font-size:29px}.elementor-widget-heading .elementor-heading-title.elementor-size-xl{font-size:39px}.elementor-widget-heading .elementor-heading-title.elementor-size-xxl{font-size:59px}<\/style><h2 class=\"elementor-heading-title elementor-size-default\">Requisitos t\u00e9cnicos<\/h2>\t\t<\/div>\n\t\t\t\t<\/div>\n\t\t\t\t<div class=\"elementor-element elementor-element-255d6a22 elementor-widget elementor-widget-heading\" data-id=\"255d6a22\" data-element_type=\"widget\" data-widget_type=\"heading.default\">\n\t\t\t\t<div class=\"elementor-widget-container\">\n\t\t\t<h5 class=\"elementor-heading-title elementor-size-default\">Tire todas as d\u00favidas<\/h5>\t\t<\/div>\n\t\t\t\t<\/div>\n\t\t\t\t\t<\/div>\n\t\t<\/div>\n\t\t\t\t\t<\/div>\n\t\t<\/section>\n\t\t\t\t<section class=\"elementor-section elementor-top-section elementor-element elementor-element-e0dc135 elementor-section-boxed elementor-section-height-default elementor-section-height-default wpr-particle-no wpr-jarallax-no wpr-parallax-no wpr-sticky-section-no\" data-id=\"e0dc135\" data-element_type=\"section\">\n\t\t\t\t\t\t<div class=\"elementor-container elementor-column-gap-default\">\n\t\t\t\t\t<div class=\"elementor-column elementor-col-100 elementor-top-column elementor-element elementor-element-10ea2a7\" data-id=\"10ea2a7\" data-element_type=\"column\">\n\t\t\t<div class=\"elementor-widget-wrap elementor-element-populated\">\n\t\t\t\t\t\t<div class=\"elementor-element elementor-element-5fc2440 elementor-widget elementor-widget-eael-adv-tabs\" data-id=\"5fc2440\" data-element_type=\"widget\" data-widget_type=\"eael-adv-tabs.default\">\n\t\t\t\t<div class=\"elementor-widget-container\">\n\t\t\t        <div id=\"eael-advance-tabs-5fc2440\" class=\"eael-advance-tabs eael-tabs-horizontal eael-tab-auto-active \" data-tabid=\"5fc2440\">\n            <div class=\"eael-tabs-nav\" role=\"tablist\">\n                <ul class=\"eael-tab-inline-icon\" role=\"tablist\">\n                                            <li id=\"compatibilidade\" class=\"inactive eael-tab-item-trigger\" aria-selected=\"true\" data-tab=\"1\" role=\"tab\" tabindex=\"0\" aria-controls=\"compatibilidade-tab\" aria-expanded=\"false\">\n                            \n                                                                <i class=\"fas fa-puzzle-piece\"><\/i>                                                            \n                                                            <span class=\"eael-tab-title  title-after-icon\">Compatibilidade<\/span>                            \n                                                    <\/li>\n                                            <li id=\"problemas-com-o-seu-cdq\" class=\"inactive eael-tab-item-trigger\" aria-selected=\"false\" data-tab=\"2\" role=\"tab\" tabindex=\"-1\" aria-controls=\"problemas-com-o-seu-cdq-tab\" aria-expanded=\"false\">\n                            \n                                                                <i class=\"fab fa-usb\"><\/i>                                                            \n                                                            <span class=\"eael-tab-title  title-after-icon\">Problemas com o seu CDQ?<\/span>                            \n                                                    <\/li>\n                                            <li id=\"problemas-na-submisso-de-documentos-com-o-cc\" class=\"inactive eael-tab-item-trigger\" aria-selected=\"false\" data-tab=\"3\" role=\"tab\" tabindex=\"-1\" aria-controls=\"problemas-na-submisso-de-documentos-com-o-cc-tab\" aria-expanded=\"false\">\n                            \n                                                                <i class=\"far fa-address-card\"><\/i>                                                            \n                                                            <span class=\"eael-tab-title  title-after-icon\">Problemas na submiss\u00e3o de documentos com o CC?<\/span>                            \n                                                    <\/li>\n                                    <\/ul>\n            <\/div>\n            \n            <div class=\"eael-tabs-content\">\n\t\t        \n                    <div id=\"compatibilidade-tab\" class=\"clearfix eael-tab-content-item inactive\" data-title-link=\"compatibilidade-tab\">\n\t\t\t\t        \t\t\t\t\t        <p><strong>Sistemas operativos compat\u00edveis<\/strong><\/p><ul><li>Windows<\/li><li>Mac OS<\/li><li>Linux<\/li><\/ul><p>Nota: os sistemas operativos m\u00f3veis n\u00e3o s\u00e3o compat\u00edveis devido \u00e0s limita\u00e7\u00f5es na leitura de certificados digitais e na execu\u00e7\u00e3o de applets Java.<\/p><p>\u00a0<\/p><p><strong><em>Browsers<\/em> compat\u00edveis<\/strong><\/p><ul><li>Mozilla Firefox \u2013 todas as vers\u00f5es<\/li><li>Microsoft Edge \u2013 todas as vers\u00f5es<\/li><li>Google Chrome \u2013 todas as vers\u00f5es<\/li><\/ul><p>\u00a0<\/p><p><strong>Java<\/strong><\/p><p><a href=\"https:\/\/www.java.com\/pt_BR\/download\/manual.jsp\" target=\"_blank\" rel=\"noopener\">Java<\/a> (verifique que possui apenas uma vers\u00e3o instalada)<\/p><p>\u00a0<\/p><p><strong>Portos 80 e 443 para http e https<\/strong><\/p><p>Estas op\u00e7\u00f5es s\u00e3o definidas como standard nas op\u00e7\u00f5es de rede. Caso tenha dificuldades, por favor, contacte o seu gestor de rede ou o seu fornecedor.<\/p><p>\u00a0<\/p><p><strong>Para a correta utiliza\u00e7\u00e3o da plataforma ComprasPT, os utilizadores devem ativar a funcionalidade TLS no seu navegador<\/strong><\/p>\t\t\t\t                            <\/div>\n\t\t        \n                    <div id=\"problemas-com-o-seu-cdq-tab\" class=\"clearfix eael-tab-content-item inactive\" data-title-link=\"problemas-com-o-seu-cdq-tab\">\n\t\t\t\t        \t\t\t\t\t        <p>Clique nos links abaixo para confirmar que consegue aceder \u00e0 lista de Certificados Revogados (CRL) de cada Entidade Emissora. Apenas precisa de confirmar o acesso aos links, n\u00e3o \u00e9 necess\u00e1rio descarregar os ficheiros.<\/p><p><a href=\"http:\/\/pki.multicert.com\/cert\/MULTICERT_CA\/mca_001.cer\" target=\"_blank\" rel=\"noopener\"><span style=\"text-decoration: underline;\">Multicert<\/span><\/a> | <a href=\"http:\/\/onsitecrl.trustwise.com\/BritishTelecommunicationsplcBTDigitalSignQualifiedCA\/LatestCRL.crl\" target=\"_blank\" rel=\"noopener\"><span style=\"text-decoration: underline;\">Digitalsign<\/span><\/a> | <a href=\"https:\/\/www.autenticacao.gov.pt\/\" target=\"_blank\" rel=\"noopener\"><span style=\"text-decoration: underline;\">Cart\u00e3o de Cidad\u00e3o<\/span><\/a><\/p><p>\u00a0<\/p><p>\u00a0<\/p><p>\u00a0<\/p><p>\u00a0<\/p><p>\u00a0<\/p><p>\u00a0<\/p><p>\u00a0<\/p><p>\u00a0<\/p><p>\u00a0<\/p><p>\u00a0<\/p><p>\u00a0<\/p><p>\u00a0<\/p><p>\u00a0<\/p><p>\u00a0<\/p>\t\t\t\t                            <\/div>\n\t\t        \n                    <div id=\"problemas-na-submisso-de-documentos-com-o-cc-tab\" class=\"clearfix eael-tab-content-item inactive\" data-title-link=\"problemas-na-submisso-de-documentos-com-o-cc-tab\">\n\t\t\t\t        \t\t\t\t\t        <ul><li>Valide a vers\u00e3o do software: abra a aplica\u00e7\u00e3o do Cart\u00e3o de Cidad\u00e3o, aceda ao menu \u201cAjuda\u201d e clique em \u201cAcerca\u201d.<\/li><\/ul><ul><li>Recomendamos a utiliza\u00e7\u00e3o da Vers\u00e3o mais recente do software do <a href=\"https:\/\/www.autenticacao.gov.pt\/cc-aplicacao\" target=\"_blank\" rel=\"noopener\"><span style=\"text-decoration: underline;\">Cart\u00e3o de Cidad\u00e3o<\/span><\/a>.<\/li><\/ul><p>\u00a0<\/p><p>\u00a0<\/p><p>\u00a0<\/p><p>\u00a0<\/p><p>\u00a0<\/p><p>\u00a0<\/p><p>\u00a0<\/p><p>\u00a0<\/p><p>\u00a0<\/p><p>\u00a0<\/p><p>\u00a0<\/p><p>\u00a0<\/p><p>\u00a0<\/p><p>\u00a0<\/p><p>\u00a0<\/p>\t\t\t\t                            <\/div>\n\t\t                    <\/div>\n        <\/div>\n\t\t<\/div>\n\t\t\t\t<\/div>\n\t\t\t\t\t<\/div>\n\t\t<\/div>\n\t\t\t\t\t<\/div>\n\t\t<\/section>\n\t\t\t\t<\/div>\n\t\t","protected":false},"excerpt":{"rendered":"<p>Requisitos t\u00e9cnicos Tire todas as d\u00favidas Compatibilidade Problemas com o seu CDQ? Problemas na submiss\u00e3o de documentos com o CC? Sistemas operativos compat\u00edveis Windows Mac OS Linux Nota: os sistemas operativos m\u00f3veis n\u00e3o s\u00e3o compat\u00edveis devido \u00e0s limita\u00e7\u00f5es na leitura de certificados digitais e na execu\u00e7\u00e3o de applets Java. \u00a0 Browsers compat\u00edveis Mozilla Firefox \u2013 [&hellip;]<\/p>\n","protected":false},"author":3,"featured_media":0,"parent":0,"menu_order":0,"comment_status":"closed","ping_status":"closed","template":"elementor_header_footer","meta":{"inline_featured_image":false,"footnotes":""},"_links":{"self":[{"href":"https:\/\/compraspt.com\/home\/wp-json\/wp\/v2\/pages\/160"}],"collection":[{"href":"https:\/\/compraspt.com\/home\/wp-json\/wp\/v2\/pages"}],"about":[{"href":"https:\/\/compraspt.com\/home\/wp-json\/wp\/v2\/types\/page"}],"author":[{"embeddable":true,"href":"https:\/\/compraspt.com\/home\/wp-json\/wp\/v2\/users\/3"}],"replies":[{"embeddable":true,"href":"https:\/\/compraspt.com\/home\/wp-json\/wp\/v2\/comments?post=160"}],"version-history":[{"count":39,"href":"https:\/\/compraspt.com\/home\/wp-json\/wp\/v2\/pages\/160\/revisions"}],"predecessor-version":[{"id":4439,"href":"https:\/\/compraspt.com\/home\/wp-json\/wp\/v2\/pages\/160\/revisions\/4439"}],"wp:attachment":[{"href":"https:\/\/compraspt.com\/home\/wp-json\/wp\/v2\/media?parent=160"}],"curies":[{"name":"wp","href":"https:\/\/api.w.org\/{rel}","templated":true}]}}