{"id":2157,"date":"2024-01-18T18:44:45","date_gmt":"2024-01-18T17:44:45","guid":{"rendered":"https:\/\/compraspt.com\/home\/?page_id=2157"},"modified":"2024-01-18T18:53:41","modified_gmt":"2024-01-18T17:53:41","slug":"termos-e-condicoes-servicos-de-operacoes-flash-en","status":"publish","type":"page","link":"https:\/\/compraspt.com\/home\/en\/termos-e-condicoes-servicos-de-operacoes-flash-en\/","title":{"rendered":"Termos e Condi\u00e7\u00f5es | Servi\u00e7os de Opera\u00e7\u00f5es Flash EN"},"content":{"rendered":"\t\t<div data-elementor-type=\"wp-page\" data-elementor-id=\"2157\" class=\"elementor elementor-2157\">\n\t\t\t\t\t\t<section class=\"elementor-section elementor-top-section elementor-element elementor-element-36a0952e elementor-section-boxed elementor-section-height-default elementor-section-height-default wpr-particle-no wpr-jarallax-no wpr-parallax-no wpr-sticky-section-no\" data-id=\"36a0952e\" data-element_type=\"section\">\n\t\t\t\t\t\t<div class=\"elementor-container elementor-column-gap-default\">\n\t\t\t\t\t<div class=\"elementor-column elementor-col-100 elementor-top-column elementor-element elementor-element-a0cb009\" data-id=\"a0cb009\" data-element_type=\"column\">\n\t\t\t<div class=\"elementor-widget-wrap elementor-element-populated\">\n\t\t\t\t\t\t<div class=\"elementor-element elementor-element-5694fa83 elementor-widget elementor-widget-heading\" data-id=\"5694fa83\" data-element_type=\"widget\" data-widget_type=\"heading.default\">\n\t\t\t\t<div class=\"elementor-widget-container\">\n\t\t\t<style>\/*! elementor - v3.19.0 - 07-02-2024 *\/\n.elementor-heading-title{padding:0;margin:0;line-height:1}.elementor-widget-heading .elementor-heading-title[class*=elementor-size-]>a{color:inherit;font-size:inherit;line-height:inherit}.elementor-widget-heading .elementor-heading-title.elementor-size-small{font-size:15px}.elementor-widget-heading .elementor-heading-title.elementor-size-medium{font-size:19px}.elementor-widget-heading .elementor-heading-title.elementor-size-large{font-size:29px}.elementor-widget-heading .elementor-heading-title.elementor-size-xl{font-size:39px}.elementor-widget-heading .elementor-heading-title.elementor-size-xxl{font-size:59px}<\/style><h2 class=\"elementor-heading-title elementor-size-default\">Terms and Conditions | Flash Operations Service \u2013 Technical-Administrative Services<\/h2>\t\t<\/div>\n\t\t\t\t<\/div>\n\t\t\t\t\t<\/div>\n\t\t<\/div>\n\t\t\t\t\t<\/div>\n\t\t<\/section>\n\t\t\t\t<section class=\"elementor-section elementor-top-section elementor-element elementor-element-18fc658a elementor-section-boxed elementor-section-height-default elementor-section-height-default wpr-particle-no wpr-jarallax-no wpr-parallax-no wpr-sticky-section-no\" data-id=\"18fc658a\" data-element_type=\"section\">\n\t\t\t\t\t\t<div class=\"elementor-container elementor-column-gap-default\">\n\t\t\t\t\t<div class=\"elementor-column elementor-col-100 elementor-top-column elementor-element elementor-element-63207adc\" data-id=\"63207adc\" data-element_type=\"column\">\n\t\t\t<div class=\"elementor-widget-wrap elementor-element-populated\">\n\t\t\t\t\t\t<div class=\"elementor-element elementor-element-527e635f elementor-widget elementor-widget-text-editor\" data-id=\"527e635f\" data-element_type=\"widget\" data-widget_type=\"text-editor.default\">\n\t\t\t\t<div class=\"elementor-widget-container\">\n\t\t\t<style>\/*! elementor - v3.19.0 - 07-02-2024 *\/\n.elementor-widget-text-editor.elementor-drop-cap-view-stacked .elementor-drop-cap{background-color:#69727d;color:#fff}.elementor-widget-text-editor.elementor-drop-cap-view-framed .elementor-drop-cap{color:#69727d;border:3px solid;background-color:transparent}.elementor-widget-text-editor:not(.elementor-drop-cap-view-default) .elementor-drop-cap{margin-top:8px}.elementor-widget-text-editor:not(.elementor-drop-cap-view-default) .elementor-drop-cap-letter{width:1em;height:1em}.elementor-widget-text-editor .elementor-drop-cap{float:left;text-align:center;line-height:1;font-size:50px}.elementor-widget-text-editor .elementor-drop-cap-letter{display:inline-block}<\/style>\t\t\t\t<p>1. ComprasPT&#8217;s Flash Operations Services apply in case of need for intervention to correct\/update data resulting from circumstances beyond the platform&#8217;s control, i.e., for which responsibility is attributed to the user;<\/p><p>2. Activation of the Flash Operations service is carried out by sending proof of payment;<\/p><p>3. The service is carried out within 24 hours (on working days), after receipt of proof of payment.<\/p>\t\t\t\t\t\t<\/div>\n\t\t\t\t<\/div>\n\t\t\t\t\t<\/div>\n\t\t<\/div>\n\t\t\t\t\t<\/div>\n\t\t<\/section>\n\t\t\t\t<\/div>\n\t\t","protected":false},"excerpt":{"rendered":"<p>Terms and Conditions | Flash Operations Service \u2013 Technical-Administrative Services 1. ComprasPT&#8217;s Flash Operations Services apply in case of need for intervention to correct\/update data resulting from circumstances beyond the platform&#8217;s control, i.e., for which responsibility is attributed to the user; 2. Activation of the Flash Operations service is carried out by sending proof of [&hellip;]<\/p>\n","protected":false},"author":3,"featured_media":0,"parent":0,"menu_order":0,"comment_status":"closed","ping_status":"closed","template":"elementor_header_footer","meta":{"inline_featured_image":false,"footnotes":""},"_links":{"self":[{"href":"https:\/\/compraspt.com\/home\/wp-json\/wp\/v2\/pages\/2157"}],"collection":[{"href":"https:\/\/compraspt.com\/home\/wp-json\/wp\/v2\/pages"}],"about":[{"href":"https:\/\/compraspt.com\/home\/wp-json\/wp\/v2\/types\/page"}],"author":[{"embeddable":true,"href":"https:\/\/compraspt.com\/home\/wp-json\/wp\/v2\/users\/3"}],"replies":[{"embeddable":true,"href":"https:\/\/compraspt.com\/home\/wp-json\/wp\/v2\/comments?post=2157"}],"version-history":[{"count":4,"href":"https:\/\/compraspt.com\/home\/wp-json\/wp\/v2\/pages\/2157\/revisions"}],"predecessor-version":[{"id":2209,"href":"https:\/\/compraspt.com\/home\/wp-json\/wp\/v2\/pages\/2157\/revisions\/2209"}],"wp:attachment":[{"href":"https:\/\/compraspt.com\/home\/wp-json\/wp\/v2\/media?parent=2157"}],"curies":[{"name":"wp","href":"https:\/\/api.w.org\/{rel}","templated":true}]}}