{"id":2159,"date":"2024-01-18T18:45:05","date_gmt":"2024-01-18T17:45:05","guid":{"rendered":"https:\/\/compraspt.com\/home\/?page_id=2159"},"modified":"2025-10-27T16:14:17","modified_gmt":"2025-10-27T16:14:17","slug":"termos-e-condicoes-mais-concursos-publicos-en","status":"publish","type":"page","link":"https:\/\/compraspt.com\/home\/en\/termos-e-condicoes-mais-concursos-publicos-en\/","title":{"rendered":"Termos e Condi\u00e7\u00f5es | +Concursos P\u00fablicos EN"},"content":{"rendered":"\t\t<div data-elementor-type=\"wp-page\" data-elementor-id=\"2159\" class=\"elementor elementor-2159\">\n\t\t\t\t\t\t<section class=\"elementor-section elementor-top-section elementor-element elementor-element-36a0952e elementor-section-boxed elementor-section-height-default elementor-section-height-default wpr-particle-no wpr-jarallax-no wpr-parallax-no wpr-sticky-section-no\" data-id=\"36a0952e\" data-element_type=\"section\">\n\t\t\t\t\t\t<div class=\"elementor-container elementor-column-gap-default\">\n\t\t\t\t\t<div class=\"elementor-column elementor-col-100 elementor-top-column elementor-element elementor-element-a0cb009\" data-id=\"a0cb009\" data-element_type=\"column\">\n\t\t\t<div class=\"elementor-widget-wrap elementor-element-populated\">\n\t\t\t\t\t\t<div class=\"elementor-element elementor-element-5694fa83 elementor-widget elementor-widget-heading\" data-id=\"5694fa83\" data-element_type=\"widget\" data-widget_type=\"heading.default\">\n\t\t\t\t<div class=\"elementor-widget-container\">\n\t\t\t<style>\/*! elementor - v3.19.0 - 07-02-2024 *\/\n.elementor-heading-title{padding:0;margin:0;line-height:1}.elementor-widget-heading .elementor-heading-title[class*=elementor-size-]>a{color:inherit;font-size:inherit;line-height:inherit}.elementor-widget-heading .elementor-heading-title.elementor-size-small{font-size:15px}.elementor-widget-heading .elementor-heading-title.elementor-size-medium{font-size:19px}.elementor-widget-heading .elementor-heading-title.elementor-size-large{font-size:29px}.elementor-widget-heading .elementor-heading-title.elementor-size-xl{font-size:39px}.elementor-widget-heading .elementor-heading-title.elementor-size-xxl{font-size:59px}<\/style><h2 class=\"elementor-heading-title elementor-size-default\">Terms and Conditions | +Public Tenders<\/h2>\t\t<\/div>\n\t\t\t\t<\/div>\n\t\t\t\t\t<\/div>\n\t\t<\/div>\n\t\t\t\t\t<\/div>\n\t\t<\/section>\n\t\t\t\t<section class=\"elementor-section elementor-top-section elementor-element elementor-element-18fc658a elementor-section-boxed elementor-section-height-default elementor-section-height-default wpr-particle-no wpr-jarallax-no wpr-parallax-no wpr-sticky-section-no\" data-id=\"18fc658a\" data-element_type=\"section\">\n\t\t\t\t\t\t<div class=\"elementor-container elementor-column-gap-default\">\n\t\t\t\t\t<div class=\"elementor-column elementor-col-100 elementor-top-column elementor-element elementor-element-63207adc\" data-id=\"63207adc\" data-element_type=\"column\">\n\t\t\t<div class=\"elementor-widget-wrap elementor-element-populated\">\n\t\t\t\t\t\t<div class=\"elementor-element elementor-element-527e635f elementor-widget elementor-widget-text-editor\" data-id=\"527e635f\" data-element_type=\"widget\" data-widget_type=\"text-editor.default\">\n\t\t\t\t<div class=\"elementor-widget-container\">\n\t\t\t<style>\/*! elementor - v3.19.0 - 07-02-2024 *\/\n.elementor-widget-text-editor.elementor-drop-cap-view-stacked .elementor-drop-cap{background-color:#69727d;color:#fff}.elementor-widget-text-editor.elementor-drop-cap-view-framed .elementor-drop-cap{color:#69727d;border:3px solid;background-color:transparent}.elementor-widget-text-editor:not(.elementor-drop-cap-view-default) .elementor-drop-cap{margin-top:8px}.elementor-widget-text-editor:not(.elementor-drop-cap-view-default) .elementor-drop-cap-letter{width:1em;height:1em}.elementor-widget-text-editor .elementor-drop-cap{float:left;text-align:center;line-height:1;font-size:50px}.elementor-widget-text-editor .elementor-drop-cap-letter{display:inline-block}<\/style>\t\t\t\t<ol><li>The availability of the <strong>+Public Tenders <\/strong>service is the responsibility of <strong>Miroma<\/strong>, legal person no.\u00a0<span style=\"color: #5a5a5a; font-family: Roboto, sans-serif; font-size: 16px; font-style: normal; font-variant-ligatures: normal; font-variant-caps: normal; font-weight: 400; letter-spacing: normal; orphans: 2; text-align: start; text-indent: 0px; text-transform: none; widows: 2; word-spacing: 0px; -webkit-text-stroke-width: 0px; white-space: normal; background-color: #ffffff; text-decoration-thickness: initial; text-decoration-style: initial; text-decoration-color: initial; display: inline !important; float: none;\">503150371<\/span>, registered at the Porto Commercial Registry Office \u2013 2nd Section, with headquarters at Travessa de Alferes Malheiro <span style=\"color: #5a5a5a; font-family: Roboto, sans-serif; font-size: 16px; font-style: normal; font-variant-ligatures: normal; font-variant-caps: normal; font-weight: 400; letter-spacing: normal; orphans: 2; text-align: start; text-indent: 0px; text-transform: none; widows: 2; word-spacing: 0px; -webkit-text-stroke-width: 0px; white-space: normal; background-color: #ffffff; text-decoration-thickness: initial; text-decoration-style: initial; text-decoration-color: initial; display: inline !important; float: none;\">n.\u00ba 99, 4.\u00ba traseiras, Porto.<\/span><\/li><li>This document establishes the conditions for joining the <strong>+Public Tenders<\/strong> service available in the online shop, referred to in Decree-Law no. 24\/2014 of 14 February in its current wording.<\/li><li>Signing up to the\u00a0<strong>+Public Tenders <\/strong>service allows you to receive a daily summary via e-mail of all public tenders (national and international) published on all public procurement platforms according to the defined business area.<\/li><li>The\u00a0<strong>+Public Tenders <\/strong>service is valid for 1 year (12 months).<\/li><li>For foreign organisations, international and shipping fees will be added to the service amount.<\/li><li>The\u00a0<strong>+Public Tenders\u00a0 <\/strong>service is activated immediately once the payment has been validated. Once the purchase is completed, and in order to configure the service on the platform, you must contact us via email <a href=\"mailto:comercial@miroma.pt\">comercial@<\/a>miroma.pt or through the customer service line \u2013 222 061 585 (call to the national fixed network) \u2013 available from 9 am to 12:30 pm and from 2 pm to 6 pm on weekdays.<\/li><li><p>By purchasing through the online store, the customer expressly acknowledges and agrees to the immediate activation of the purchased service(s) upon payment confirmation, thereby waiving their right of withdrawal.<\/p><\/li><li>The customer is responsible for setting the e-mail address for receiving alerts. Any changes to the e-mail address are the sole responsibility of the customer.<\/li><li>Only one e-mail address may be associated with each licence purchased.<\/li><li>This service is configured in the economic operator\u2019s profile on the <strong>ComprasPT <\/strong>platform, using the company\u2019s data and associating the CPV codes corresponding to the business areas of interest. The selection and alteration of CPV codes is the client\u2019s sole responsibility.<\/li><li>This service is automatically renewed. Any intention not to renew must be notified in writing to <strong>ComprasPT <\/strong>at least 30 days in advance.<\/li><li>Whenever the service is subscribed to a promotional campaign, the conditions of the campaign will apply for the duration of the campaign and the respective contract, and renewal will be carried out at the prices in force at the time of renewal.<\/li><li>In the event of renewal, <strong>Miroma <\/strong>reserves the right to update the prices and conditions of the service in accordance with the commercial policies in force.<\/li><li>To resolve consumer disputes, please contact the Porto Consumer Information and Arbitration Centre (<a href=\"https:\/\/cicap.pt\/\" target=\"_blank\" rel=\"noopener\">https:\/\/cicap.pt\/<\/a>).<\/li><li>The personal data collected is destined to be used in the contractual management established with the customer through the online shop and is processed in accordance with the data protection policies in force.<\/li><li>If you have any questions, please contact us through the e-mail address\u00a0<a href=\"mailto:comercial@miroma.pt\">comercial@miroma.pt<\/a>\u00a0or through the customer service line \u2013\u00a0<strong>222 061 585<\/strong> (national landline) \u2013 available from 9am to 12.30pm and from 2pm to 6pm on business days.<\/li><\/ol><div>\u00a0<\/div><h6>Last Review: october 27, 2025<\/h6>\t\t\t\t\t\t<\/div>\n\t\t\t\t<\/div>\n\t\t\t\t\t<\/div>\n\t\t<\/div>\n\t\t\t\t\t<\/div>\n\t\t<\/section>\n\t\t\t\t<\/div>\n\t\t","protected":false},"excerpt":{"rendered":"<p>Terms and Conditions | +Public Tenders The availability of the +Public Tenders service is the responsibility of Miroma, legal person no.\u00a0503150371, registered at the Porto Commercial Registry Office \u2013 2nd Section, with headquarters at Travessa de Alferes Malheiro n.\u00ba 99, 4.\u00ba traseiras, Porto. This document establishes the conditions for joining the +Public Tenders service available [&hellip;]<\/p>\n","protected":false},"author":3,"featured_media":0,"parent":0,"menu_order":0,"comment_status":"closed","ping_status":"closed","template":"elementor_header_footer","meta":{"inline_featured_image":false,"footnotes":""},"_links":{"self":[{"href":"https:\/\/compraspt.com\/home\/wp-json\/wp\/v2\/pages\/2159"}],"collection":[{"href":"https:\/\/compraspt.com\/home\/wp-json\/wp\/v2\/pages"}],"about":[{"href":"https:\/\/compraspt.com\/home\/wp-json\/wp\/v2\/types\/page"}],"author":[{"embeddable":true,"href":"https:\/\/compraspt.com\/home\/wp-json\/wp\/v2\/users\/3"}],"replies":[{"embeddable":true,"href":"https:\/\/compraspt.com\/home\/wp-json\/wp\/v2\/comments?post=2159"}],"version-history":[{"count":20,"href":"https:\/\/compraspt.com\/home\/wp-json\/wp\/v2\/pages\/2159\/revisions"}],"predecessor-version":[{"id":5312,"href":"https:\/\/compraspt.com\/home\/wp-json\/wp\/v2\/pages\/2159\/revisions\/5312"}],"wp:attachment":[{"href":"https:\/\/compraspt.com\/home\/wp-json\/wp\/v2\/media?parent=2159"}],"curies":[{"name":"wp","href":"https:\/\/api.w.org\/{rel}","templated":true}]}}