{"id":918,"date":"2024-01-12T13:02:29","date_gmt":"2024-01-12T12:02:29","guid":{"rendered":"https:\/\/compraspt.com\/home\/?page_id=918"},"modified":"2025-02-11T12:01:24","modified_gmt":"2025-02-11T12:01:24","slug":"precario-servicos","status":"publish","type":"page","link":"https:\/\/compraspt.com\/home\/precario-servicos\/","title":{"rendered":"Precario"},"content":{"rendered":"\t\t<div data-elementor-type=\"wp-page\" data-elementor-id=\"918\" class=\"elementor elementor-918\">\n\t\t\t\t\t\t<section class=\"elementor-section elementor-top-section elementor-element elementor-element-41ff2c55 elementor-section-boxed elementor-section-height-default elementor-section-height-default wpr-particle-no wpr-jarallax-no wpr-parallax-no wpr-sticky-section-no\" data-id=\"41ff2c55\" data-element_type=\"section\">\n\t\t\t\t\t\t<div class=\"elementor-container elementor-column-gap-default\">\n\t\t\t\t\t<div class=\"elementor-column elementor-col-100 elementor-top-column elementor-element elementor-element-553eb818\" data-id=\"553eb818\" data-element_type=\"column\">\n\t\t\t<div class=\"elementor-widget-wrap elementor-element-populated\">\n\t\t\t\t\t\t<div class=\"elementor-element elementor-element-8405214 elementor-widget elementor-widget-heading\" data-id=\"8405214\" data-element_type=\"widget\" data-widget_type=\"heading.default\">\n\t\t\t\t<div class=\"elementor-widget-container\">\n\t\t\t<style>\/*! elementor - v3.19.0 - 07-02-2024 *\/\n.elementor-heading-title{padding:0;margin:0;line-height:1}.elementor-widget-heading .elementor-heading-title[class*=elementor-size-]>a{color:inherit;font-size:inherit;line-height:inherit}.elementor-widget-heading .elementor-heading-title.elementor-size-small{font-size:15px}.elementor-widget-heading .elementor-heading-title.elementor-size-medium{font-size:19px}.elementor-widget-heading .elementor-heading-title.elementor-size-large{font-size:29px}.elementor-widget-heading .elementor-heading-title.elementor-size-xl{font-size:39px}.elementor-widget-heading .elementor-heading-title.elementor-size-xxl{font-size:59px}<\/style><h2 class=\"elementor-heading-title elementor-size-default\">PRE\u00c7\u00c1RIO<\/h2>\t\t<\/div>\n\t\t\t\t<\/div>\n\t\t\t\t\t<\/div>\n\t\t<\/div>\n\t\t\t\t\t<\/div>\n\t\t<\/section>\n\t\t\t\t<section class=\"elementor-section elementor-top-section elementor-element elementor-element-fa6d553 elementor-section-boxed elementor-section-height-default elementor-section-height-default wpr-particle-no wpr-jarallax-no wpr-parallax-no wpr-sticky-section-no\" data-id=\"fa6d553\" data-element_type=\"section\">\n\t\t\t\t\t\t<div class=\"elementor-container elementor-column-gap-default\">\n\t\t\t\t\t<div class=\"elementor-column elementor-col-100 elementor-top-column elementor-element elementor-element-e93ba37\" data-id=\"e93ba37\" data-element_type=\"column\">\n\t\t\t<div class=\"elementor-widget-wrap elementor-element-populated\">\n\t\t\t\t\t\t<div class=\"elementor-element elementor-element-2b517d0c elementor-widget elementor-widget-text-editor\" data-id=\"2b517d0c\" data-element_type=\"widget\" data-widget_type=\"text-editor.default\">\n\t\t\t\t<div class=\"elementor-widget-container\">\n\t\t\t<style>\/*! elementor - v3.19.0 - 07-02-2024 *\/\n.elementor-widget-text-editor.elementor-drop-cap-view-stacked .elementor-drop-cap{background-color:#69727d;color:#fff}.elementor-widget-text-editor.elementor-drop-cap-view-framed .elementor-drop-cap{color:#69727d;border:3px solid;background-color:transparent}.elementor-widget-text-editor:not(.elementor-drop-cap-view-default) .elementor-drop-cap{margin-top:8px}.elementor-widget-text-editor:not(.elementor-drop-cap-view-default) .elementor-drop-cap-letter{width:1em;height:1em}.elementor-widget-text-editor .elementor-drop-cap{float:left;text-align:center;line-height:1;font-size:50px}.elementor-widget-text-editor .elementor-drop-cap-letter{display:inline-block}<\/style>\t\t\t\t<p><!-- wp:heading --><\/p>\n<p><!-- \/wp:heading --><\/p>\n<p><!-- wp:paragraph --><\/p>\n<p><!-- \/wp:paragraph --><\/p>\n<p><!-- wp:paragraph --><\/p>\n<p><!-- \/wp:paragraph --><\/p>\n<p><!-- wp:table --><\/p>\n<figure>\n<table>\n<thead>\n<tr>\n<th>SERVI\u00c7O<\/th>\n<th>PRE\u00c7O<\/th>\n<th>TERMOS E CONDI\u00c7\u00d5ES<\/th>\n<\/tr>\n<\/thead>\n<tbody>\n<tr>\n<td>Servi\u00e7o Base<\/td>\n<td>Gratuito<\/td>\n<td><a href=\"https:\/\/compraspt.com\/home\/declaracao-de-praticas\/\" target=\"_blank\" rel=\"noopener\"><span style=\"text-decoration: underline;\">LER<\/span><\/a><\/td>\n<\/tr>\n<tr>\n<td>Acesso Extra<\/td>\n<td>\u20ac303,00\/ por acesso<\/td>\n<td><a href=\"https:\/\/compraspt.com\/home\/termos-e-condicoes-acesso-extra\/\" target=\"_blank\" rel=\"noopener\"><span style=\"text-decoration: underline;\">LER<\/span><\/a><\/td>\n<\/tr>\n<tr>\n<td>Taxa de Ativa\u00e7\u00e3o de Servi\u00e7os c\/ Urg\u00eancia<\/td>\n<td>\u20ac130,00<\/td>\n<td><a href=\"https:\/\/compraspt.com\/home\/termos-e-condicoes-taxa-de-urgencia\/\" target=\"_blank\" rel=\"noopener\"><span style=\"text-decoration: underline;\">LER<\/span><\/a><\/td>\n<\/tr>\n<tr>\n<td>Taxa Internacional<\/td>\n<td>\u20ac190,00<\/td>\n<td><a href=\"https:\/\/compraspt.com\/home\/termos-e-condicoes-taxa-internacional\/\" target=\"_blank\" rel=\"noopener\"><span style=\"text-decoration: underline;\">LER<\/span><\/a><\/td>\n<\/tr>\n<tr>\n<td><a href=\"https:\/\/compraspt.com\/home\/packs-compraspt\/\" target=\"_blank\" rel=\"noopener\"><span style=\"text-decoration: underline;\">Packs de Ades\u00e3o<\/span><\/a><\/td>\n<td>\u20ac567,00 \/ ano (Ades\u00e3o Standard)<br \/>\u20ac1.515,00\u20ac \/ ano (Ades\u00e3o Pro)<br \/>\u20ac3.884,00\u20ac \/ ano (Ades\u00e3o Premium)<\/td>\n<td><a href=\"https:\/\/compraspt.com\/home\/termos-e-condicoes-packs-de-adesao-compraspt\/\" target=\"_blank\" rel=\"noopener\"><span style=\"text-decoration: underline;\">LER<\/span><\/a><\/td>\n<\/tr>\n<tr>\n<td><a href=\"https:\/\/compraspt.com\/home\/convites\/\" target=\"_blank\" rel=\"noopener\"><span style=\"text-decoration: underline;\">+Convites<\/span><\/a><\/td>\n<td>\u20ac600,00 \/ ano (Transfer\u00eancia banc\u00e1ria)<br \/>\u20ac400,00\u20ac \/ ano (D\u00e9bito direto)<br \/>\u20ac33,34\u20ac \/ m\u00eas (D\u00e9bito direto)<\/td>\n<td><a href=\"https:\/\/compraspt.com\/home\/termos-e-condicoes-convites\/\" target=\"_blank\" rel=\"noopener\"><span style=\"text-decoration: underline;\">LER<\/span><\/a><\/td>\n<\/tr>\n<tr>\n<td><a href=\"https:\/\/compraspt.com\/home\/efaruragov-oa\/\" target=\"_blank\" rel=\"noreferrer noopener\"><span style=\"text-decoration: underline;\">efaturaGov<\/span><\/a><\/td>\n<td>\u20ac600,00<\/td>\n<td><a href=\"https:\/\/compraspt.com\/home\/termos-e-condicoes-efaturagov\/\" target=\"_blank\" rel=\"noopener\"><span style=\"text-decoration: underline;\">LER<\/span><\/a><\/td>\n<\/tr>\n<tr>\n<td><a href=\"https:\/\/compraspt.com\/home\/registo-automatico\/\" target=\"_blank\" rel=\"noopener\"><span style=\"text-decoration: underline;\">Registo Autom\u00e1tico<\/span><\/a><\/td>\n<td>\u20ac315,00<\/td>\n<td><a href=\"https:\/\/compraspt.com\/home\/termos-e-condicoes-registo-automatico-loja\/\" target=\"_blank\" rel=\"noopener\"><span style=\"text-decoration: underline;\">LER<\/span><\/a><\/td>\n<\/tr>\n<tr>\n<td><a href=\"https:\/\/compraspt.com\/home\/mais-concursos-publicos\/\" target=\"_blank\" rel=\"noopener\"><span style=\"text-decoration: underline;\">+Concursos P\u00fablicos<\/span><\/a><\/td>\n<td>\u20ac180,00\/ ano<\/td>\n<td><a href=\"https:\/\/compraspt.com\/home\/termos-e-condicoes-mais-concursos-publicos-loja\/\" target=\"_blank\" rel=\"noopener\"><span style=\"text-decoration: underline;\">LER<\/span><\/a><\/td>\n<\/tr>\n<tr>\n<td><a href=\"https:\/\/compraspt.com\/home\/be-first\/\" target=\"_blank\" rel=\"noopener\"><span style=\"text-decoration: underline;\">BeFirst<\/span><\/a><\/td>\n<td>\u20ac300,00<\/td>\n<td><a href=\"https:\/\/compraspt.com\/home\/termos-e-condicoes-be-first\/\" target=\"_blank\" rel=\"noopener\"><span style=\"text-decoration: underline;\">LER<\/span><\/a><\/td>\n<\/tr>\n<tr>\n<td>Servi\u00e7o de Apoio T\u00e9cnico<\/td>\n<td>\u20ac120,00 \/ hora<\/td>\n<td>&#8211;<\/td>\n<\/tr>\n<tr>\n<td>Servi\u00e7o de Forma\u00e7\u00e3o ComprasPT<\/td>\n<td>\u20ac120,00 \/ hora<\/td>\n<td><a href=\"https:\/\/compraspt.com\/home\/termos-e-condicoes-servico-de-formacao\/\" target=\"_blank\" rel=\"noopener\"><span style=\"text-decoration: underline;\">LER<\/span><\/a><\/td>\n<\/tr>\n<tr>\n<td>Servi\u00e7o de Consultoria Especializada<\/td>\n<td>\u20ac120,00 \/ hora<\/td>\n<td><span style=\"text-decoration: underline;\"><a href=\"https:\/\/compraspt.com\/home\/termos-e-condicoes-servicos-de-consultoria-especializada\/\" target=\"_blank\" rel=\"noopener\">LER<\/a><\/span><\/td>\n<\/tr>\n<tr>\n<td><a href=\"https:\/\/compraspt.com\/home\/bolsas-de-apoio\/\" target=\"_blank\" rel=\"noopener\"><span style=\"text-decoration: underline;\">Servi\u00e7o Opera\u00e7\u00f5es Flash<\/span><\/a><\/td>\n<td>\u20ac80,00 p\/ evento<\/td>\n<td><a href=\"https:\/\/compraspt.com\/home\/termos-e-condicoes-servicos-de-operacoes-flash\/\" target=\"_blank\" rel=\"noopener\"><span style=\"text-decoration: underline;\">LER<\/span><\/a><\/td>\n<\/tr>\n<tr>\n<td>Servi\u00e7o de Apoio e Verifica\u00e7\u00e3o de Falhas<\/td>\n<td>\u20ac180,00 p\/ evento<\/td>\n<td><a href=\"https:\/\/compraspt.com\/home\/termos-e-condicoes-servicos-de-apoio-e-verificacao-de-falhas\/\" target=\"_blank\" rel=\"noopener\"><span style=\"text-decoration: underline;\">LER<\/span><\/a><\/td>\n<\/tr>\n<tr>\n<td><span style=\"text-decoration: underline;\"><a href=\"https:\/\/compraspt.com\/home\/produto\/pacote-de-500-selos\/\">Selos Temporais Interoper\u00e1veis<\/a><\/span><\/td>\n<td>\n<p>\u20ac210,00 p\/ 600 selos<\/p>\n<p>\u20ac360,00 p\/ 1.200 selos<\/p>\n<\/td>\n<td><a href=\"https:\/\/compraspt.com\/home\/termos-e-condicoes-selos-temporais-loja\/\" target=\"_blank\" rel=\"noopener\"><span style=\"text-decoration: underline;\">LER<\/span><\/a><\/td>\n<\/tr>\n<tr>\n<td>Servi\u00e7o de Valida\u00e7\u00e3o Cronol\u00f3gica<\/td>\n<td>\u20ac25,00 p\/ 1 selo<\/td>\n<td><a href=\"https:\/\/compraspt.com\/home\/termos-e-condicoes-servicos-de-validacao-cronologica\/\" target=\"_blank\" rel=\"noopener\"><span style=\"text-decoration: underline;\">LER<\/span><\/a><\/td>\n<\/tr>\n<tr>\n<td>Servi\u00e7o de Valida\u00e7\u00e3o Cronol\u00f3gica<\/td>\n<td>\u20ac150,00 p\/ 50 selos<\/td>\n<td><a href=\"https:\/\/compraspt.com\/home\/termos-e-condicoes-servicos-de-validacao-cronologica\/\" target=\"_blank\" rel=\"noopener\"><span style=\"text-decoration: underline;\">LER<\/span><\/a><\/td>\n<\/tr>\n<tr>\n<td>Servi\u00e7o de Valida\u00e7\u00e3o Cronol\u00f3gica<\/td>\n<td>\u20ac280,00 p\/ 200 selos<\/td>\n<td><a href=\"https:\/\/compraspt.com\/home\/termos-e-condicoes-servicos-de-validacao-cronologica\/\" target=\"_blank\" rel=\"noreferrer noopener\"><span style=\"text-decoration: underline;\">LER<\/span><\/a><\/td>\n<\/tr>\n<tr>\n<td>Servi\u00e7o de Valida\u00e7\u00e3o Cronol\u00f3gica<\/td>\n<td>\u20ac500,00 p\/ 500 selos<\/td>\n<td><a href=\"https:\/\/compraspt.com\/home\/termos-e-condicoes-servicos-de-validacao-cronologica\/\" target=\"_blank\" rel=\"noopener\"><span style=\"text-decoration: underline;\">LER<\/span><\/a><\/td>\n<\/tr>\n<\/tbody>\n<\/table>\n<\/figure>\n<p><!-- \/wp:table --><\/p>\t\t\t\t\t\t<\/div>\n\t\t\t\t<\/div>\n\t\t\t\t\t<\/div>\n\t\t<\/div>\n\t\t\t\t\t<\/div>\n\t\t<\/section>\n\t\t\t\t<section class=\"elementor-section elementor-top-section elementor-element elementor-element-fd12410 elementor-section-boxed elementor-section-height-default elementor-section-height-default wpr-particle-no wpr-jarallax-no wpr-parallax-no wpr-sticky-section-no\" data-id=\"fd12410\" data-element_type=\"section\">\n\t\t\t\t\t\t<div class=\"elementor-container elementor-column-gap-default\">\n\t\t\t\t\t<div class=\"elementor-column elementor-col-100 elementor-top-column elementor-element elementor-element-b33fde1\" data-id=\"b33fde1\" data-element_type=\"column\">\n\t\t\t<div class=\"elementor-widget-wrap elementor-element-populated\">\n\t\t\t\t\t\t<div class=\"elementor-element elementor-element-a2678b6 elementor-widget elementor-widget-text-editor\" data-id=\"a2678b6\" data-element_type=\"widget\" data-widget_type=\"text-editor.default\">\n\t\t\t\t<div class=\"elementor-widget-container\">\n\t\t\t\t\t\t\t<p>Aos valores apresentados acresce o IVA \u00e0 taxa legal em vigor.<\/p>\n<p>\u00daltima atualiza\u00e7\u00e3o: 11 de fevereiro de 2025.<\/p>\t\t\t\t\t\t<\/div>\n\t\t\t\t<\/div>\n\t\t\t\t\t<\/div>\n\t\t<\/div>\n\t\t\t\t\t<\/div>\n\t\t<\/section>\n\t\t\t\t<\/div>\n\t\t","protected":false},"excerpt":{"rendered":"<p>PRE\u00c7\u00c1RIO SERVI\u00c7O PRE\u00c7O TERMOS E CONDI\u00c7\u00d5ES Servi\u00e7o Base Gratuito LER Acesso Extra \u20ac303,00\/ por acesso LER Taxa de Ativa\u00e7\u00e3o de Servi\u00e7os c\/ Urg\u00eancia \u20ac130,00 LER Taxa Internacional \u20ac190,00 LER Packs de Ades\u00e3o \u20ac567,00 \/ ano (Ades\u00e3o Standard)\u20ac1.515,00\u20ac \/ ano (Ades\u00e3o Pro)\u20ac3.884,00\u20ac \/ ano (Ades\u00e3o Premium) LER +Convites \u20ac600,00 \/ ano (Transfer\u00eancia banc\u00e1ria)\u20ac400,00\u20ac \/ ano (D\u00e9bito [&hellip;]<\/p>\n","protected":false},"author":3,"featured_media":0,"parent":0,"menu_order":0,"comment_status":"closed","ping_status":"closed","template":"elementor_header_footer","meta":{"inline_featured_image":false,"footnotes":""},"_links":{"self":[{"href":"https:\/\/compraspt.com\/home\/wp-json\/wp\/v2\/pages\/918"}],"collection":[{"href":"https:\/\/compraspt.com\/home\/wp-json\/wp\/v2\/pages"}],"about":[{"href":"https:\/\/compraspt.com\/home\/wp-json\/wp\/v2\/types\/page"}],"author":[{"embeddable":true,"href":"https:\/\/compraspt.com\/home\/wp-json\/wp\/v2\/users\/3"}],"replies":[{"embeddable":true,"href":"https:\/\/compraspt.com\/home\/wp-json\/wp\/v2\/comments?post=918"}],"version-history":[{"count":107,"href":"https:\/\/compraspt.com\/home\/wp-json\/wp\/v2\/pages\/918\/revisions"}],"predecessor-version":[{"id":5085,"href":"https:\/\/compraspt.com\/home\/wp-json\/wp\/v2\/pages\/918\/revisions\/5085"}],"wp:attachment":[{"href":"https:\/\/compraspt.com\/home\/wp-json\/wp\/v2\/media?parent=918"}],"curies":[{"name":"wp","href":"https:\/\/api.w.org\/{rel}","templated":true}]}}