{"id":1390,"date":"2024-08-06T16:32:36","date_gmt":"2024-08-06T16:32:36","guid":{"rendered":"https:\/\/compraspt.com\/home\/?post_type=product&#038;p=1390"},"modified":"2024-09-11T11:30:12","modified_gmt":"2024-09-11T11:30:12","slug":"mais-concursos-publicos-1-ano","status":"publish","type":"product","link":"https:\/\/compraspt.com\/home\/produto\/mais-concursos-publicos-1-ano\/","title":{"rendered":"+Concursos P\u00fablicos &#8211; 1 ano"},"content":{"rendered":"","protected":false},"excerpt":{"rendered":"<p><em>Para entidades estrangeiras, ao valor supramencionado acrescem taxas internacionais e de expedi\u00e7\u00e3o.\u00a0<\/em><\/p>\n<p>\u2026\u2026\u2026\u2026\u2026\u2026\u2026\u2026<\/p>\n<p><span class=\"ui-provider a b c d e f g h i j k l m n o p q r s t u v w x y z ab ac ae af ag ah ai aj ak\" dir=\"ltr\">Tenha acesso a todos os Concursos P\u00fablicos da sua \u00e1rea de neg\u00f3cio!<\/span><\/p>\n<p>&nbsp;<\/p>\n<p><span class=\"ui-provider a b c d e f g h i j k l m n o p q r s t u v w x y z ab ac ae af ag ah ai aj ak\" dir=\"ltr\">O servi\u00e7o de <strong>+Concursos P\u00fablicos<\/strong> filtra e identifica os Concursos P\u00fablicos nacionais e internacionais lan\u00e7ados em todas as plataformas eletr\u00f3nicas de contrata\u00e7\u00e3o p\u00fablica, bem como apresenta um breve resumo com as informa\u00e7\u00f5es chave de cada procedimento.<\/span><\/p>\n<p>&nbsp;<\/p>\n<p>&nbsp;<\/p>\n<p>&nbsp;<\/p>\n<p>&nbsp;<\/p>\n<p>&nbsp;<\/p>\n<p>&nbsp;<\/p>\n<p>&nbsp;<\/p>\n<p>&nbsp;<\/p>\n","protected":false},"featured_media":1603,"template":"","meta":{"inline_featured_image":false},"product_cat":[38],"product_tag":[46,43,47],"_links":{"self":[{"href":"https:\/\/compraspt.com\/home\/wp-json\/wp\/v2\/product\/1390"}],"collection":[{"href":"https:\/\/compraspt.com\/home\/wp-json\/wp\/v2\/product"}],"about":[{"href":"https:\/\/compraspt.com\/home\/wp-json\/wp\/v2\/types\/product"}],"wp:featuredmedia":[{"embeddable":true,"href":"https:\/\/compraspt.com\/home\/wp-json\/wp\/v2\/media\/1603"}],"wp:attachment":[{"href":"https:\/\/compraspt.com\/home\/wp-json\/wp\/v2\/media?parent=1390"}],"wp:term":[{"taxonomy":"product_cat","embeddable":true,"href":"https:\/\/compraspt.com\/home\/wp-json\/wp\/v2\/product_cat?post=1390"},{"taxonomy":"product_tag","embeddable":true,"href":"https:\/\/compraspt.com\/home\/wp-json\/wp\/v2\/product_tag?post=1390"}],"curies":[{"name":"wp","href":"https:\/\/api.w.org\/{rel}","templated":true}]}}