{"id":1392,"date":"2024-08-07T16:43:25","date_gmt":"2024-08-07T16:43:25","guid":{"rendered":"https:\/\/compraspt.com\/home\/?post_type=product&#038;p=1392"},"modified":"2025-01-24T13:09:54","modified_gmt":"2025-01-24T13:09:54","slug":"registo-automatico-1-ano","status":"publish","type":"product","link":"https:\/\/compraspt.com\/home\/produto\/registo-automatico-1-ano\/","title":{"rendered":"Registo Autom\u00e1tico \u2013 1 ano"},"content":{"rendered":"","protected":false},"excerpt":{"rendered":"<p><em>Para entidades estrangeiras, ao valor supramencionado acrescem taxas internacionais e de expedi\u00e7\u00e3o.\u00a0<\/em><\/p>\n<p>\u2026\u2026\u2026\u2026\u2026\u2026\u2026\u2026<\/p>\n<p class=\"vc_custom_heading\"><span class=\"ui-provider a b c d e f g h i j k l m n o p q r s t u v w x y z ab ac ae af ag ah ai aj ak\" dir=\"ltr\">Inscri\u00e7\u00e3o autom\u00e1tica e imediata em todas as entidades adjudicantes ComprasPT!<\/span><\/p>\n<p>&nbsp;<\/p>\n<p><span class=\"ui-provider a b c d e f g h i j k l m n o p q r s t u v w x y z ab ac ae af ag ah ai aj ak\" dir=\"ltr\">O <strong>Registo Autom\u00e1tico<\/strong> garante aos fornecedores a inscri\u00e7\u00e3o autom\u00e1tica e imediata em todas as plataformas das entidades adjudicantes ComprasPT. Este servi\u00e7o garante, ainda, o acesso ao estatuto de Fornecedor Plus.<\/span><\/p>\n<p>&nbsp;<\/p>\n<p>&nbsp;<\/p>\n<p>&nbsp;<\/p>\n<p>&nbsp;<\/p>\n<p>&nbsp;<\/p>\n<p>&nbsp;<\/p>\n<p>&nbsp;<\/p>\n<p>&nbsp;<\/p>\n","protected":false},"featured_media":1604,"template":"","meta":{"inline_featured_image":false},"product_cat":[37],"product_tag":[42,43,44],"_links":{"self":[{"href":"https:\/\/compraspt.com\/home\/wp-json\/wp\/v2\/product\/1392"}],"collection":[{"href":"https:\/\/compraspt.com\/home\/wp-json\/wp\/v2\/product"}],"about":[{"href":"https:\/\/compraspt.com\/home\/wp-json\/wp\/v2\/types\/product"}],"wp:featuredmedia":[{"embeddable":true,"href":"https:\/\/compraspt.com\/home\/wp-json\/wp\/v2\/media\/1604"}],"wp:attachment":[{"href":"https:\/\/compraspt.com\/home\/wp-json\/wp\/v2\/media?parent=1392"}],"wp:term":[{"taxonomy":"product_cat","embeddable":true,"href":"https:\/\/compraspt.com\/home\/wp-json\/wp\/v2\/product_cat?post=1392"},{"taxonomy":"product_tag","embeddable":true,"href":"https:\/\/compraspt.com\/home\/wp-json\/wp\/v2\/product_tag?post=1392"}],"curies":[{"name":"wp","href":"https:\/\/api.w.org\/{rel}","templated":true}]}}