{"id":4473,"date":"2024-07-30T08:56:41","date_gmt":"2024-07-30T08:56:41","guid":{"rendered":"https:\/\/compraspt.com\/home\/?post_type=product&#038;p=4473"},"modified":"2025-01-24T13:10:57","modified_gmt":"2025-01-24T13:10:57","slug":"adesao-compraspt-standard","status":"publish","type":"product","link":"https:\/\/compraspt.com\/home\/produto\/adesao-compraspt-standard\/","title":{"rendered":"Ades\u00e3o ComprasPT &#8211; Standard"},"content":{"rendered":"","protected":false},"excerpt":{"rendered":"<p><em>Para entidades estrangeiras, ao valor supramencionado acrescem taxas internacionais e de expedi\u00e7\u00e3o.\u00a0<\/em><\/p>\n<p>\u2026\u2026\u2026\u2026\u2026\u2026\u2026\u2026<\/p>\n<p>Tudo o que necessita para o sucesso em Contrata\u00e7\u00e3o P\u00fablica<\/p>\n<p><strong>Servi\u00e7os inclu\u00eddos<\/strong><\/p>\n<ul>\n<li>Registo Autom\u00e1tico<\/li>\n<li>200 Selos Interoper\u00e1veis<\/li>\n<li>Certificado Digital Qualificado<\/li>\n<li>Anosigner<\/li>\n<li>1 Liga\u00e7\u00e3o Remota (Dura\u00e7\u00e3o de 15\u00b4\/liga\u00e7\u00e3o)<\/li>\n<li>Gestor Dedicado<\/li>\n<\/ul>\n<p>&nbsp;<\/p>\n<p>&nbsp;<\/p>\n<p>&nbsp;<\/p>\n<p>&nbsp;<\/p>\n","protected":false},"featured_media":4474,"template":"","meta":{"inline_featured_image":false},"product_cat":[108],"product_tag":[],"_links":{"self":[{"href":"https:\/\/compraspt.com\/home\/wp-json\/wp\/v2\/product\/4473"}],"collection":[{"href":"https:\/\/compraspt.com\/home\/wp-json\/wp\/v2\/product"}],"about":[{"href":"https:\/\/compraspt.com\/home\/wp-json\/wp\/v2\/types\/product"}],"wp:featuredmedia":[{"embeddable":true,"href":"https:\/\/compraspt.com\/home\/wp-json\/wp\/v2\/media\/4474"}],"wp:attachment":[{"href":"https:\/\/compraspt.com\/home\/wp-json\/wp\/v2\/media?parent=4473"}],"wp:term":[{"taxonomy":"product_cat","embeddable":true,"href":"https:\/\/compraspt.com\/home\/wp-json\/wp\/v2\/product_cat?post=4473"},{"taxonomy":"product_tag","embeddable":true,"href":"https:\/\/compraspt.com\/home\/wp-json\/wp\/v2\/product_tag?post=4473"}],"curies":[{"name":"wp","href":"https:\/\/api.w.org\/{rel}","templated":true}]}}