{"id":4478,"date":"2024-07-30T09:00:26","date_gmt":"2024-07-30T09:00:26","guid":{"rendered":"https:\/\/compraspt.com\/home\/?post_type=product&#038;p=4478"},"modified":"2025-01-24T13:10:22","modified_gmt":"2025-01-24T13:10:22","slug":"adesao-compraspt-premium","status":"publish","type":"product","link":"https:\/\/compraspt.com\/home\/produto\/adesao-compraspt-premium\/","title":{"rendered":"Ades\u00e3o ComprasPT &#8211; Premium"},"content":{"rendered":"","protected":false},"excerpt":{"rendered":"<p><em>Pack n\u00e3o dispon\u00edvel para entidades estrangeiras<\/em><\/p>\n<p>\u2026\u2026\u2026\u2026\u2026\u2026\u2026\u2026<\/p>\n<p>Tudo o que necessita para o sucesso em Contrata\u00e7\u00e3o P\u00fablica<\/p>\n<p><strong>Servi\u00e7os inclu\u00eddos<\/strong><\/p>\n<ul>\n<li>Registo Autom\u00e1tico<\/li>\n<li>Selos Ilimitados<\/li>\n<li>Certificado Digital Qualificado<\/li>\n<li>Anosigner<\/li>\n<li>Liga\u00e7\u00f5es Remotas Ilimitadas<\/li>\n<li>Gestor Dedicado<\/li>\n<li>efaturaGov (Inclui <em>Pack<\/em> de 100 Preserva\u00e7\u00f5es)<\/li>\n<li>+ Convites<\/li>\n<li>+ Concursos P\u00fablicos<\/li>\n<li>Pack de 5h de Consultoria Especializada<\/li>\n<li>Pack de 3h de Forma\u00e7\u00e3o e Apoio T\u00e9cnico<\/li>\n<li>Be First<\/li>\n<\/ul>\n","protected":false},"featured_media":4475,"template":"","meta":{"inline_featured_image":false},"product_cat":[108],"product_tag":[],"_links":{"self":[{"href":"https:\/\/compraspt.com\/home\/wp-json\/wp\/v2\/product\/4478"}],"collection":[{"href":"https:\/\/compraspt.com\/home\/wp-json\/wp\/v2\/product"}],"about":[{"href":"https:\/\/compraspt.com\/home\/wp-json\/wp\/v2\/types\/product"}],"wp:featuredmedia":[{"embeddable":true,"href":"https:\/\/compraspt.com\/home\/wp-json\/wp\/v2\/media\/4475"}],"wp:attachment":[{"href":"https:\/\/compraspt.com\/home\/wp-json\/wp\/v2\/media?parent=4478"}],"wp:term":[{"taxonomy":"product_cat","embeddable":true,"href":"https:\/\/compraspt.com\/home\/wp-json\/wp\/v2\/product_cat?post=4478"},{"taxonomy":"product_tag","embeddable":true,"href":"https:\/\/compraspt.com\/home\/wp-json\/wp\/v2\/product_tag?post=4478"}],"curies":[{"name":"wp","href":"https:\/\/api.w.org\/{rel}","templated":true}]}}