{"id":5012,"date":"2025-02-05T16:56:45","date_gmt":"2025-02-05T16:56:45","guid":{"rendered":"https:\/\/compraspt.com\/home\/?post_type=product&#038;p=5012"},"modified":"2025-05-05T09:16:55","modified_gmt":"2025-05-05T09:16:55","slug":"pacote-1200-selos-interoperaveis-copia","status":"publish","type":"product","link":"https:\/\/compraspt.com\/home\/produto\/pacote-1200-selos-interoperaveis-copia\/","title":{"rendered":"Pacote &#8211; 1.200 Selos Interoper\u00e1veis"},"content":{"rendered":"","protected":false},"excerpt":{"rendered":"<p><em>Para entidades estrangeiras, ao valor supramencionado acrescem taxas internacionais.\u00a0<\/em><\/p>\n<p>\u2026\u2026\u2026\u2026\u2026\u2026\u2026\u2026<\/p>\n<p class=\"vc_custom_heading\">Rigor ao segundo.<\/p>\n<p>Os <strong>Selos Interoper\u00e1veis<\/strong> permitem-lhe submeter documentos em qualquer plataforma<\/p>\n<ul>\n<li>Requisito legal obrigat\u00f3rio<\/li>\n<li>Disponibiliza\u00e7\u00e3o em 24h<\/li>\n<li>Garantia de baixo custo<\/li>\n<li>Validade de 2 anos<\/li>\n<\/ul>\n<p>&#8212;&#8212;<br \/>\nEnquadramento legal<br \/>\nA Lei n.\u00ba 96\/2015 de 17 de agosto, que regula as Plataformas Eletr\u00f3nicas de Contrata\u00e7\u00e3o P\u00fablica, clarifica inequivocamente a necessidade de todos os documentos submetidos serem assinados digitalmente por si, com recurso a certificados digitais qualificados.<\/p>\n<p>&nbsp;<\/p>\n","protected":false},"featured_media":5219,"template":"","meta":{"inline_featured_image":false},"product_cat":[34],"product_tag":[46,43,45],"_links":{"self":[{"href":"https:\/\/compraspt.com\/home\/wp-json\/wp\/v2\/product\/5012"}],"collection":[{"href":"https:\/\/compraspt.com\/home\/wp-json\/wp\/v2\/product"}],"about":[{"href":"https:\/\/compraspt.com\/home\/wp-json\/wp\/v2\/types\/product"}],"wp:featuredmedia":[{"embeddable":true,"href":"https:\/\/compraspt.com\/home\/wp-json\/wp\/v2\/media\/5219"}],"wp:attachment":[{"href":"https:\/\/compraspt.com\/home\/wp-json\/wp\/v2\/media?parent=5012"}],"wp:term":[{"taxonomy":"product_cat","embeddable":true,"href":"https:\/\/compraspt.com\/home\/wp-json\/wp\/v2\/product_cat?post=5012"},{"taxonomy":"product_tag","embeddable":true,"href":"https:\/\/compraspt.com\/home\/wp-json\/wp\/v2\/product_tag?post=5012"}],"curies":[{"name":"wp","href":"https:\/\/api.w.org\/{rel}","templated":true}]}}