{"id":5034,"date":"2025-02-07T12:12:04","date_gmt":"2025-02-07T12:12:04","guid":{"rendered":"https:\/\/compraspt.com\/home\/?post_type=product&#038;p=5034"},"modified":"2025-02-11T12:52:39","modified_gmt":"2025-02-11T12:52:39","slug":"efaturagov-anual-pack-com-100-preservacoes","status":"publish","type":"product","link":"https:\/\/compraspt.com\/home\/produto\/efaturagov-anual-pack-com-100-preservacoes\/","title":{"rendered":"efaturaGov &#8211; anual pack com 100 preserva\u00e7\u00f5es"},"content":{"rendered":"<p>Desde o dia 1 de janeiro de 2025, todas as Entidades P\u00fablicas (enquanto entidades cocontratantes) e Operadores Econ\u00f3micos (incluindo micro, pequenas e m\u00e9dias empresas) est\u00e3o obrigados a receber e a emitir faturas eletr\u00f3nicas no \u00e2mbito dos contratos p\u00fablicos.<\/p>\n<p>Com vista a garantir o cumprimento de todos os requisitos legais (e t\u00e9cnicos), a Miroma disponibiliza o <strong>efaturaGov<\/strong>, uma solu\u00e7\u00e3o que permite automatizar o processo de envio e rece\u00e7\u00e3o de faturas, sem complica\u00e7\u00f5es, sem custos de integra\u00e7\u00e3o ou qualquer tipo de limita\u00e7\u00e3o ao n\u00edvel de entidades\/documentos.<\/p>\n<p>Esta solu\u00e7\u00e3o garante a interoperabilidade livre de custos com todos os <em>brokers<\/em>, nacionais e internacionais, e com todos os programas de fatura\u00e7\u00e3o.<\/p>\n<p>De simples utiliza\u00e7\u00e3o, o <strong>efaturaGov<\/strong> permite beneficiar de um ponto \u00fanico de comunica\u00e7\u00e3o e consulta das suas faturas eletr\u00f3nicas, com a garantia de maior seguran\u00e7a e autenticidade na troca de documentos fiscais. Para al\u00e9m disso, esta solu\u00e7\u00e3o garante a preserva\u00e7\u00e3o digital das faturas eletr\u00f3nicas durante 12 anos e uma redu\u00e7\u00e3o de custos muito significativa face ao \u201ctradicional mundo do papel\u201d.<\/p>\n","protected":false},"excerpt":{"rendered":"<p><em>Para entidades estrangeiras, ao valor supramencionado acrescem taxas internacionais.\u00a0<\/em><\/p>\n<p>&#8230;&#8230;&#8230;&#8230;&#8230;&#8230;&#8230;&#8230;<\/p>\n<p><strong>ADIRA \u00c0 FATURA ELETR\u00d3NICA E USUFRUA DE 50% DE DESCONTO<\/strong><\/p>\n<ul>\n<li>Software de Fatura\u00e7\u00e3o Eletr\u00f3nica<\/li>\n<li>Inclui pack de 100 preserva\u00e7\u00f5es<\/li>\n<\/ul>\n","protected":false},"featured_media":765,"template":"","meta":{"inline_featured_image":false},"product_cat":[118],"product_tag":[119,120],"_links":{"self":[{"href":"https:\/\/compraspt.com\/home\/wp-json\/wp\/v2\/product\/5034"}],"collection":[{"href":"https:\/\/compraspt.com\/home\/wp-json\/wp\/v2\/product"}],"about":[{"href":"https:\/\/compraspt.com\/home\/wp-json\/wp\/v2\/types\/product"}],"wp:featuredmedia":[{"embeddable":true,"href":"https:\/\/compraspt.com\/home\/wp-json\/wp\/v2\/media\/765"}],"wp:attachment":[{"href":"https:\/\/compraspt.com\/home\/wp-json\/wp\/v2\/media?parent=5034"}],"wp:term":[{"taxonomy":"product_cat","embeddable":true,"href":"https:\/\/compraspt.com\/home\/wp-json\/wp\/v2\/product_cat?post=5034"},{"taxonomy":"product_tag","embeddable":true,"href":"https:\/\/compraspt.com\/home\/wp-json\/wp\/v2\/product_tag?post=5034"}],"curies":[{"name":"wp","href":"https:\/\/api.w.org\/{rel}","templated":true}]}}